{"id":870,"date":"2025-12-30T05:13:35","date_gmt":"2025-12-30T05:13:35","guid":{"rendered":"https:\/\/stg-basecampexplorer.kodework.com\/?page_id=870"},"modified":"2026-01-08T06:39:30","modified_gmt":"2026-01-08T06:39:30","slug":"community-contribution","status":"publish","type":"page","link":"https:\/\/stg-basecampexplorer.kwrk.in\/nb\/community-contribution\/","title":{"rendered":"Bidrag til fellesskapet"},"content":{"rendered":"<section class=\"hero-reusable\" data-height=\"100vh\">\n      <!-- Image Background -->\n    <div class=\"hero-reusable-bg\" style=\"background-image: url('https:\/\/stg-basecampexplorer.kwrk.in\/wp-content\/uploads\/2025\/12\/e07a27f22af3bf4b8832fbed8ae5e5afc3e2a0dc.jpg');\"><\/div>\n  \n  <div class=\"hero-reusable-overlay\"><\/div>\n\n  <div class=\"container hero-reusable-content text-center\">\n          <p class=\"hero-reusable-sub\">BASECAMP EXPLORER \u00d7 LOKALSAMFUNNET<\/p>\n        \n          <div class=\"hero-reusable-title\">\n        <p>Bidrag til fellesskapet<\/p>\n      <\/div>\n      <\/div>\n<\/section>\n\n\n\n<section class=\"split-bg-section\" style=\"background: rgb(255, 255, 255); color: #22576E;\">\n      <div class=\"split-bg split-left\" style=\"background-image: url(https:\/\/stg-basecampexplorer.kwrk.in\/wp-content\/uploads\/2025\/12\/BES-illustrasjoner-topografi-morkebla_Nordenskiold-Lodge-uten-hav-3.png);\"><\/div>\n    <div class=\"split-bg split-right\" style=\"background-image: url(https:\/\/stg-basecampexplorer.kwrk.in\/wp-content\/uploads\/2025\/12\/BES-illustrasjoner-topografi-morkebla_Basecamp-Hotell-Longyearbyen-uten-hav-3.png);\"><\/div>\n  \n  <div class=\"split-content\" style=\"background: transparent;\">\n          <div class=\"text-content\">\n        <p>Hos Basecamp Explorer Spitsbergen betyr det \u00e5 v\u00e6re til stede i Arktis \u00e5 v\u00e6re en del av et ekte, hel\u00e5rlig samfunn. Vi mener at ansvarlig reising handler om mer enn \u00e5 beskytte naturen - det inneb\u00e6rer ogs\u00e5 \u00e5 st\u00f8tte menneskene som bor og arbeider her.<br \/>\nV\u00e5r tiln\u00e6rming er forankret i langsiktige relasjoner, lokalkunnskap og en dyp respekt for livsrytmen i Longyearbyen og p\u00e5 Svalbard.<\/p>\n      <\/div>\n      <\/div>\n<\/section>\n\n\n\n<figure class=\"wp-block-image size-full fullwidth-reuseable-image\"><img loading=\"lazy\" decoding=\"async\" width=\"2560\" height=\"1707\" src=\"https:\/\/stg-basecampexplorer.kwrk.in\/wp-content\/uploads\/2025\/12\/4dcf83b80ef6a8f628f5511585756677477da981.jpg\" alt=\"\" class=\"wp-image-875\" srcset=\"https:\/\/stg-basecampexplorer.kwrk.in\/wp-content\/uploads\/2025\/12\/4dcf83b80ef6a8f628f5511585756677477da981.jpg 2560w, https:\/\/stg-basecampexplorer.kwrk.in\/wp-content\/uploads\/2025\/12\/4dcf83b80ef6a8f628f5511585756677477da981-300x200.jpg 300w, https:\/\/stg-basecampexplorer.kwrk.in\/wp-content\/uploads\/2025\/12\/4dcf83b80ef6a8f628f5511585756677477da981-1024x683.jpg 1024w, https:\/\/stg-basecampexplorer.kwrk.in\/wp-content\/uploads\/2025\/12\/4dcf83b80ef6a8f628f5511585756677477da981-768x512.jpg 768w, https:\/\/stg-basecampexplorer.kwrk.in\/wp-content\/uploads\/2025\/12\/4dcf83b80ef6a8f628f5511585756677477da981-1536x1024.jpg 1536w, https:\/\/stg-basecampexplorer.kwrk.in\/wp-content\/uploads\/2025\/12\/4dcf83b80ef6a8f628f5511585756677477da981-2048x1366.jpg 2048w\" sizes=\"auto, (max-width: 2560px) 100vw, 2560px\" \/><\/figure>\n\n\n\n<section class=\"text-image-block\" data-layout=\"image-right\">\n  <div class=\"container ti-container\">\n\n    <div class=\"ti-image\">\n              <img decoding=\"async\" \n          src=\"https:\/\/stg-basecampexplorer.kwrk.in\/wp-content\/uploads\/2025\/12\/08da42e04e7d03b240e87b89b162f88581addb51.jpg\" \n          alt=\"\" \n          loading=\"lazy\"\n        \/>\n          <\/div>\n\n    <div class=\"ti-text\">\n              <h1>Lokal sysselsetting og kunnskap om Arktis<\/h1>\n      \n              <div class=\"ti-content\">\n          <p>V\u00e5r virksomhet er bygget opp rundt mennesker som bor og arbeider p\u00e5 Svalbard \u00e5ret rundt. Ved \u00e5 ansette lokale guider, verter og driftspersonell s\u00f8rger vi for at opplevelsene v\u00e5re er formet av levd kunnskap om Arktis - ikke antakelser.<\/p>\n<p>Denne tiln\u00e6rmingen st\u00f8tter langsiktig sysselsetting samtidig som gjestene f\u00e5r en dypere og mer autentisk forst\u00e5else av stedet de bes\u00f8ker.<\/p>\n        <\/div>\n          <\/div>\n\n  <\/div>\n<\/section>\n\n\n\n<section class=\"text-image-block\" data-layout=\"image-left\">\n  <div class=\"container ti-container\">\n\n    <div class=\"ti-image\">\n              <img decoding=\"async\" \n          src=\"https:\/\/stg-basecampexplorer.kwrk.in\/wp-content\/uploads\/2025\/12\/ca9a86fcdb1b3036c23365c661a2ee73f1d8e18f.jpg\" \n          alt=\"\" \n          loading=\"lazy\"\n        \/>\n          <\/div>\n\n    <div class=\"ti-text\">\n              <h1>Samarbeid med lokalsamfunnet<\/h1>\n      \n              <div class=\"ti-content\">\n          <p>Vi samarbeider tett med lokale leverand\u00f8rer, partnere og tjenesteleverand\u00f8rer for \u00e5 sikre at v\u00e5r tilstedev\u00e6relse bidrar positivt til lokalsamfunnet. Vi prioriterer lokalt samarbeid der det er mulig, fra logistikk og vedlikehold til mat og tjenester.<\/p>\n<p>Ved \u00e5 tilpasse oss lokale forskrifter, sesongmessige realiteter og lokalsamfunnets forventninger tar vi sikte p\u00e5 \u00e5 drive p\u00e5 en m\u00e5te som er respektfull, ansvarlig og b\u00e6rekraftig over tid.<\/p>\n        <\/div>\n          <\/div>\n\n  <\/div>\n<\/section>\n\n\n\n<section class=\"quote\" style=\"background-image: url(https:\/\/stg-basecampexplorer.kwrk.in\/wp-content\/uploads\/2025\/12\/BES-illustrasjoner-topografi-morkebla_Basecamp-Hotell-Longyearbyen-uten-hav-1-1.png);\">\n  <div class=\"container quote-container\">\n    <div class=\"quote-content\">\n              <h1>Sterke arktiske opplevelser bygger p\u00e5 tillit, lokalkunnskap og respekt for det samfunnet som gj\u00f8r dem mulige.<\/h1>\n            \n          <\/div>\n  <\/div>\n<\/section>","protected":false},"excerpt":{"rendered":"","protected":false},"author":1,"featured_media":0,"parent":0,"menu_order":0,"comment_status":"closed","ping_status":"closed","template":"","meta":{"_acf_changed":false,"footnotes":""},"class_list":["post-870","page","type-page","status-publish","hentry"],"acf":[],"_links":{"self":[{"href":"https:\/\/stg-basecampexplorer.kwrk.in\/nb\/wp-json\/wp\/v2\/pages\/870","targetHints":{"allow":["GET"]}}],"collection":[{"href":"https:\/\/stg-basecampexplorer.kwrk.in\/nb\/wp-json\/wp\/v2\/pages"}],"about":[{"href":"https:\/\/stg-basecampexplorer.kwrk.in\/nb\/wp-json\/wp\/v2\/types\/page"}],"author":[{"embeddable":true,"href":"https:\/\/stg-basecampexplorer.kwrk.in\/nb\/wp-json\/wp\/v2\/users\/1"}],"replies":[{"embeddable":true,"href":"https:\/\/stg-basecampexplorer.kwrk.in\/nb\/wp-json\/wp\/v2\/comments?post=870"}],"version-history":[{"count":5,"href":"https:\/\/stg-basecampexplorer.kwrk.in\/nb\/wp-json\/wp\/v2\/pages\/870\/revisions"}],"predecessor-version":[{"id":1110,"href":"https:\/\/stg-basecampexplorer.kwrk.in\/nb\/wp-json\/wp\/v2\/pages\/870\/revisions\/1110"}],"wp:attachment":[{"href":"https:\/\/stg-basecampexplorer.kwrk.in\/nb\/wp-json\/wp\/v2\/media?parent=870"}],"curies":[{"name":"wp","href":"https:\/\/api.w.org\/{rel}","templated":true}]}}