{"id":833,"date":"2025-12-30T04:22:55","date_gmt":"2025-12-30T04:22:55","guid":{"rendered":"https:\/\/stg-basecampexplorer.kodework.com\/?page_id=833"},"modified":"2026-01-13T04:35:00","modified_gmt":"2026-01-13T04:35:00","slug":"maps-routes","status":"publish","type":"page","link":"https:\/\/stg-basecampexplorer.kwrk.in\/nb\/maps-routes\/","title":{"rendered":"Kart og ruter"},"content":{"rendered":"<section class=\"hero-reusable\" data-height=\"550px\">\n      <!-- Image Background -->\n    <div class=\"hero-reusable-bg\" style=\"background-image: url('https:\/\/stg-basecampexplorer.kwrk.in\/wp-content\/uploads\/2025\/12\/f08f36f7f718d018dbd952ce420d26cc2010df31.jpg');\"><\/div>\n  \n  <div class=\"hero-reusable-overlay\"><\/div>\n\n  <div class=\"container hero-reusable-content text-center\">\n          <p class=\"hero-reusable-sub\">Basecamp<\/p>\n        \n          <div class=\"hero-reusable-title\">\n        <p>Kart og ruter<\/p>\n      <\/div>\n      <\/div>\n<\/section>\n\n\n\n<section class=\"split-bg-section\" style=\"background: rgb(247, 247, 247); color: #4a6a7b;\">\n      <div class=\"split-bg split-left\" style=\"background-image: url(https:\/\/stg-basecampexplorer.kwrk.in\/wp-content\/uploads\/2025\/12\/BES-illustrasjoner-topografi-morkebla_Nordenskiold-Lodge-uten-hav-3.png);\"><\/div>\n    <div class=\"split-bg split-right\" style=\"background-image: url(https:\/\/stg-basecampexplorer.kwrk.in\/wp-content\/uploads\/2025\/12\/BES-illustrasjoner-topografi-morkebla_Basecamp-Hotell-Longyearbyen-uten-hav-3.png);\"><\/div>\n  \n  <div class=\"split-content\" style=\"background: transparent;\">\n          <div class=\"text-content\">\n        <p>Svalbard er stort, avsidesliggende og formet av mektige naturkrefter. Reisene v\u00e5re starter fra et lite antall n\u00f8ye utvalgte basecamps, med ruter som tilpasser seg \u00e5rstidene, terrenget og de arktiske forholdene. Dette kartet gir en oversikt over hvor eventyrene v\u00e5re utfolder seg.<\/p>\n      <\/div>\n      <\/div>\n<\/section>\n\n\n\n<figure class=\"wp-block-image size-full fullwidth-reuseable-image\"><img loading=\"lazy\" decoding=\"async\" width=\"2560\" height=\"1166\" src=\"https:\/\/stg-basecampexplorer.kwrk.in\/wp-content\/uploads\/2026\/01\/82fe8d8fc95806a185dc582b2db91a0f06415919-3-2.jpg\" alt=\"\" class=\"wp-image-1215\" style=\"object-fit:cover\" srcset=\"https:\/\/stg-basecampexplorer.kwrk.in\/wp-content\/uploads\/2026\/01\/82fe8d8fc95806a185dc582b2db91a0f06415919-3-2.jpg 2560w, https:\/\/stg-basecampexplorer.kwrk.in\/wp-content\/uploads\/2026\/01\/82fe8d8fc95806a185dc582b2db91a0f06415919-3-2-300x137.jpg 300w, https:\/\/stg-basecampexplorer.kwrk.in\/wp-content\/uploads\/2026\/01\/82fe8d8fc95806a185dc582b2db91a0f06415919-3-2-1024x466.jpg 1024w, https:\/\/stg-basecampexplorer.kwrk.in\/wp-content\/uploads\/2026\/01\/82fe8d8fc95806a185dc582b2db91a0f06415919-3-2-768x350.jpg 768w, https:\/\/stg-basecampexplorer.kwrk.in\/wp-content\/uploads\/2026\/01\/82fe8d8fc95806a185dc582b2db91a0f06415919-3-2-1536x700.jpg 1536w, https:\/\/stg-basecampexplorer.kwrk.in\/wp-content\/uploads\/2026\/01\/82fe8d8fc95806a185dc582b2db91a0f06415919-3-2-2048x933.jpg 2048w, https:\/\/stg-basecampexplorer.kwrk.in\/wp-content\/uploads\/2026\/01\/82fe8d8fc95806a185dc582b2db91a0f06415919-3-2-18x8.jpg 18w\" sizes=\"auto, (max-width: 2560px) 100vw, 2560px\" \/><\/figure>\n\n\n\n<section class=\"text-image-block\" data-layout=\"image-right\">\n  <div class=\"container ti-container\">\n\n    <div class=\"ti-image\">\n              <img decoding=\"async\" \n          src=\"https:\/\/stg-basecampexplorer.kwrk.in\/wp-content\/uploads\/2025\/12\/Rectangle-21-1.png\" \n          alt=\"\" \n          loading=\"lazy\"\n        \/>\n          <\/div>\n\n    <div class=\"ti-text\">\n              <h1>Sommerruter<\/h1>\n      \n              <div class=\"ti-content\">\n          <p>Om sommeren tilbyr Basecamp Explorer opplevelser som viser frem Svalbards villmark og avsidesliggende kyster. Du kan bestille dagsturer rundt Longyearbyen eller ta b\u00e5tsafari til utposter der fotturer, kajakkpadling og brevandring st\u00e5r p\u00e5 menyen, og oppleve dyrelivet og den \u00e5pne tundraen under midnattssolen.<\/p>\n        <\/div>\n          <\/div>\n\n  <\/div>\n<\/section>\n\n\n\n<section class=\"text-image-block\" data-layout=\"image-left\" style=\"--decorative-line-url: url(https:\/\/stg-basecampexplorer.kwrk.in\/wp-content\/uploads\/2025\/12\/black-Vector-6-1.png); --long-line-url: url(https:\/\/stg-basecampexplorer.kwrk.in\/wp-content\/uploads\/2025\/12\/Vector-6-1.png);\">\n  <div class=\"container ti-container\">\n\n    <div class=\"ti-image has-decorative-line has-long-line\">\n              <img decoding=\"async\" \n          src=\"https:\/\/stg-basecampexplorer.kwrk.in\/wp-content\/uploads\/2025\/12\/cc664a672d4dded953443fa399fc7280886164e2.png\" \n          alt=\"\" \n          loading=\"lazy\"\n        \/>\n          <\/div>\n\n    <div class=\"ti-text\">\n              <h1>Vinterruter<\/h1>\n      \n              <div class=\"ti-content\">\n          <p>Om vinteren kan du l\u00e6re \u00e5 kj\u00f8re sn\u00f8scooter eller kj\u00f8re hundespann, enten det er p\u00e5 en dagstur rundt Longyearbyen eller en ekspedisjon p\u00e5 flere netter dypt inn i den arktiske villmarken. Vinteren gir ogs\u00e5 muligheten til \u00e5 jakte p\u00e5 nordlys p\u00e5 korte turer eller lengre pakker til hyttene v\u00e5re.<\/p>\n        <\/div>\n          <\/div>\n\n  <\/div>\n<\/section>\n\n\n\n<section class=\"text-image-block\" data-layout=\"image-right\">\n  <div class=\"container ti-container\">\n\n    <div class=\"ti-image\">\n              <img decoding=\"async\" \n          src=\"https:\/\/stg-basecampexplorer.kwrk.in\/wp-content\/uploads\/2025\/12\/0b513aef44e661a1decb954a14e041613c0deff6.jpg\" \n          alt=\"\" \n          loading=\"lazy\"\n        \/>\n          <\/div>\n\n    <div class=\"ti-text\">\n              <h1>Polar Night Routes<\/h1>\n      \n              <div class=\"ti-content\">\n          <p>I de m\u00f8rkeste m\u00e5nedene mellom oktober og mars st\u00e5r nordlysopplevelsene i sentrum. Med Basecamp kan du velge korte dags- eller halvdagsturer p\u00e5 jakt etter nordlys, eller bli med p\u00e5 lengre pakker som inkluderer overnattinger p\u00e5 avsidesliggende hytter, der du kan oppleve den polare nattehimmelen og den arktiske stillheten.<\/p>\n        <\/div>\n          <\/div>\n\n  <\/div>\n<\/section>","protected":false},"excerpt":{"rendered":"","protected":false},"author":1,"featured_media":0,"parent":0,"menu_order":0,"comment_status":"closed","ping_status":"closed","template":"","meta":{"_acf_changed":false,"footnotes":""},"class_list":["post-833","page","type-page","status-publish","hentry"],"acf":[],"_links":{"self":[{"href":"https:\/\/stg-basecampexplorer.kwrk.in\/nb\/wp-json\/wp\/v2\/pages\/833","targetHints":{"allow":["GET"]}}],"collection":[{"href":"https:\/\/stg-basecampexplorer.kwrk.in\/nb\/wp-json\/wp\/v2\/pages"}],"about":[{"href":"https:\/\/stg-basecampexplorer.kwrk.in\/nb\/wp-json\/wp\/v2\/types\/page"}],"author":[{"embeddable":true,"href":"https:\/\/stg-basecampexplorer.kwrk.in\/nb\/wp-json\/wp\/v2\/users\/1"}],"replies":[{"embeddable":true,"href":"https:\/\/stg-basecampexplorer.kwrk.in\/nb\/wp-json\/wp\/v2\/comments?post=833"}],"version-history":[{"count":19,"href":"https:\/\/stg-basecampexplorer.kwrk.in\/nb\/wp-json\/wp\/v2\/pages\/833\/revisions"}],"predecessor-version":[{"id":1216,"href":"https:\/\/stg-basecampexplorer.kwrk.in\/nb\/wp-json\/wp\/v2\/pages\/833\/revisions\/1216"}],"wp:attachment":[{"href":"https:\/\/stg-basecampexplorer.kwrk.in\/nb\/wp-json\/wp\/v2\/media?parent=833"}],"curies":[{"name":"wp","href":"https:\/\/api.w.org\/{rel}","templated":true}]}}