{"id":813,"date":"2025-12-29T10:00:20","date_gmt":"2025-12-29T10:00:20","guid":{"rendered":"https:\/\/stg-basecampexplorer.kodework.com\/?page_id=813"},"modified":"2026-01-06T08:28:58","modified_gmt":"2026-01-06T08:28:58","slug":"conservation","status":"publish","type":"page","link":"https:\/\/stg-basecampexplorer.kwrk.in\/nb\/conservation\/","title":{"rendered":"Bevaring"},"content":{"rendered":"<section class=\"hero-reusable\" data-height=\"100vh\">\n      <!-- Image Background -->\n    <div class=\"hero-reusable-bg\" style=\"background-image: url('https:\/\/stg-basecampexplorer.kwrk.in\/wp-content\/uploads\/2025\/12\/8a75b3aa0d2f0dc54e87e7099ba9396a83e2017c.jpg');\"><\/div>\n  \n  <div class=\"hero-reusable-overlay\"><\/div>\n\n  <div class=\"container hero-reusable-content text-center\">\n          <p class=\"hero-reusable-sub\">Basecamp Explorer X Isbj\u00f8rn internasjonal<\/p>\n        \n          <div class=\"hero-reusable-title\">\n        <p>Bevaring<\/p>\n      <\/div>\n      <\/div>\n<\/section>\n\n\n\n<section class=\"split-bg-section\" style=\"background: rgb(255, 255, 255); color: #4a6a7b;\">\n      <div class=\"split-bg split-left\" style=\"background-image: url(https:\/\/stg-basecampexplorer.kwrk.in\/wp-content\/uploads\/2025\/12\/BES-illustrasjoner-topografi-morkebla_Nordenskiold-Lodge-uten-hav-3.png);\"><\/div>\n    <div class=\"split-bg split-right\" style=\"background-image: url(https:\/\/stg-basecampexplorer.kwrk.in\/wp-content\/uploads\/2025\/12\/BES-illustrasjoner-topografi-morkebla_Basecamp-Hotell-Longyearbyen-uten-hav-3.png);\"><\/div>\n  \n  <div class=\"split-content\" style=\"background: transparent;\">\n          <div class=\"text-content\">\n        <p>P\u00e5 Basecamp Explorer Spitsbergen mener vi at det \u00e5 oppleve Arktis ogs\u00e5 kommer med et ansvar: \u00e5 beskytte og bevare det for kommende generasjoner. Derfor er vi stolte av \u00e5 v\u00e6re offisiell sponsor av Polar Bears International (PBI), verdens ledende organisasjon som utelukkende arbeider for \u00e5 bevare ville isbj\u00f8rner og deres hjem p\u00e5 havisen.<\/p>\n      <\/div>\n      <\/div>\n<\/section>\n\n\n\n<figure class=\"wp-block-image size-full fullwidth-reuseable-image\"><img loading=\"lazy\" decoding=\"async\" width=\"2560\" height=\"1706\" src=\"https:\/\/stg-basecampexplorer.kwrk.in\/wp-content\/uploads\/2025\/12\/9b5df9d6b2f1a8549fd6ee7fc5c2df1b15c0f313.jpg\" alt=\"\" class=\"wp-image-857\" srcset=\"https:\/\/stg-basecampexplorer.kwrk.in\/wp-content\/uploads\/2025\/12\/9b5df9d6b2f1a8549fd6ee7fc5c2df1b15c0f313.jpg 2560w, https:\/\/stg-basecampexplorer.kwrk.in\/wp-content\/uploads\/2025\/12\/9b5df9d6b2f1a8549fd6ee7fc5c2df1b15c0f313-300x200.jpg 300w, https:\/\/stg-basecampexplorer.kwrk.in\/wp-content\/uploads\/2025\/12\/9b5df9d6b2f1a8549fd6ee7fc5c2df1b15c0f313-1024x682.jpg 1024w, https:\/\/stg-basecampexplorer.kwrk.in\/wp-content\/uploads\/2025\/12\/9b5df9d6b2f1a8549fd6ee7fc5c2df1b15c0f313-768x512.jpg 768w, https:\/\/stg-basecampexplorer.kwrk.in\/wp-content\/uploads\/2025\/12\/9b5df9d6b2f1a8549fd6ee7fc5c2df1b15c0f313-1536x1024.jpg 1536w, https:\/\/stg-basecampexplorer.kwrk.in\/wp-content\/uploads\/2025\/12\/9b5df9d6b2f1a8549fd6ee7fc5c2df1b15c0f313-2048x1365.jpg 2048w\" sizes=\"auto, (max-width: 2560px) 100vw, 2560px\" \/><\/figure>\n\n\n\n<section class=\"text-image-block\" data-layout=\"image-right\">\n  <div class=\"container ti-container\">\n\n    <div class=\"ti-image\">\n              <img decoding=\"async\" \n          src=\"https:\/\/stg-basecampexplorer.kwrk.in\/wp-content\/uploads\/2025\/12\/0804d536db3437b1a48a2940c937767c4d3c540c.jpg\" \n          alt=\"\" \n          loading=\"lazy\"\n        \/>\n          <\/div>\n\n    <div class=\"ti-text\">\n              <h1>Partnerskap med Polar Bears International<\/h1>\n      \n              <div class=\"ti-content\">\n          <p>Basecamp Explorer samarbeider med Polar Bears International (PBI), en global, ideell organisasjon som arbeider for \u00e5 bevare isbj\u00f8rnen og det arktiske milj\u00f8et. Gjennom dette samarbeidet s\u00f8rger vi for at driften, guideoppl\u00e6ringen og gjesteopplevelsene v\u00e5re er basert p\u00e5 den nyeste vitenskapelige kunnskapen.<\/p>\n        <\/div>\n          <\/div>\n\n  <\/div>\n<\/section>\n\n\n\n<section class=\"text-image-block\" data-layout=\"image-left\">\n  <div class=\"container ti-container\">\n\n    <div class=\"ti-image\">\n              <img decoding=\"async\" \n          src=\"https:\/\/stg-basecampexplorer.kwrk.in\/wp-content\/uploads\/2025\/12\/4333414faeb9b96e6f5db220cb9724c21fbdc89d.jpg\" \n          alt=\"\" \n          loading=\"lazy\"\n        \/>\n          <\/div>\n\n    <div class=\"ti-text\">\n              <h1>Vitenskapelig ledede operasjoner i isbj\u00f8rnens territorium<\/h1>\n      \n              <div class=\"ti-content\">\n          <p>V\u00e5rt partnerskap med PBI st\u00f8tter en ansvarlig tiln\u00e6rming til reiser i Arktis. Guidene f\u00e5r oppl\u00e6ring i vitenskapelig basert kunnskap om isbj\u00f8rnens atferd, sesongmessige bevegelser og habitatf\u00f8lsomhet. Dette hjelper oss med \u00e5 minimere forstyrrelser og samtidig maksimere forst\u00e5elsen og respekten for dyrelivet.<\/p>\n<p><em>For gjestene v\u00e5re betyr dette en ansvarlig reise styrt av kunnskap, respekt og bevissthet - vi tilbyr meningsfulle arktiske opplevelser samtidig som vi bidrar til \u00e5 beskytte et av verdens mest s\u00e5rbare \u00f8kosystemer.<\/em><\/p>\n        <\/div>\n          <\/div>\n\n  <\/div>\n<\/section>\n\n\n\n<section class=\"quote\" style=\"background-image: url(https:\/\/stg-basecampexplorer.kwrk.in\/wp-content\/uploads\/2025\/12\/BES-illustrasjoner-topografi-morkebla_Basecamp-Hotell-Longyearbyen-uten-hav-1-1.png);\">\n  <div class=\"container quote-container\">\n    <div class=\"quote-content\">\n              <h1>Isbj\u00f8rnen er en viktig indikator p\u00e5 helsetilstanden i Arktis.<br \/>\r\n\u00c5 beskytte dem begynner med \u00e5 forst\u00e5 deres verden.<\/h1>\n            \n          <\/div>\n  <\/div>\n<\/section>","protected":false},"excerpt":{"rendered":"","protected":false},"author":1,"featured_media":0,"parent":0,"menu_order":0,"comment_status":"closed","ping_status":"closed","template":"","meta":{"_acf_changed":false,"footnotes":""},"class_list":["post-813","page","type-page","status-publish","hentry"],"acf":[],"_links":{"self":[{"href":"https:\/\/stg-basecampexplorer.kwrk.in\/nb\/wp-json\/wp\/v2\/pages\/813","targetHints":{"allow":["GET"]}}],"collection":[{"href":"https:\/\/stg-basecampexplorer.kwrk.in\/nb\/wp-json\/wp\/v2\/pages"}],"about":[{"href":"https:\/\/stg-basecampexplorer.kwrk.in\/nb\/wp-json\/wp\/v2\/types\/page"}],"author":[{"embeddable":true,"href":"https:\/\/stg-basecampexplorer.kwrk.in\/nb\/wp-json\/wp\/v2\/users\/1"}],"replies":[{"embeddable":true,"href":"https:\/\/stg-basecampexplorer.kwrk.in\/nb\/wp-json\/wp\/v2\/comments?post=813"}],"version-history":[{"count":8,"href":"https:\/\/stg-basecampexplorer.kwrk.in\/nb\/wp-json\/wp\/v2\/pages\/813\/revisions"}],"predecessor-version":[{"id":1074,"href":"https:\/\/stg-basecampexplorer.kwrk.in\/nb\/wp-json\/wp\/v2\/pages\/813\/revisions\/1074"}],"wp:attachment":[{"href":"https:\/\/stg-basecampexplorer.kwrk.in\/nb\/wp-json\/wp\/v2\/media?parent=813"}],"curies":[{"name":"wp","href":"https:\/\/api.w.org\/{rel}","templated":true}]}}