{"id":803,"date":"2025-12-29T09:54:41","date_gmt":"2025-12-29T09:54:41","guid":{"rendered":"https:\/\/stg-basecampexplorer.kodework.com\/?page_id=803"},"modified":"2026-01-22T06:46:30","modified_gmt":"2026-01-22T06:46:30","slug":"guest-stories","status":"publish","type":"page","link":"https:\/\/stg-basecampexplorer.kwrk.in\/nb\/guest-stories\/","title":{"rendered":"Gjestehistorier"},"content":{"rendered":"<section class=\"hero-reusable\" data-height=\"100vh\">\n      <!-- Image Background -->\n    <div class=\"hero-reusable-bg\" style=\"background-image: url('https:\/\/stg-basecampexplorer.kwrk.in\/wp-content\/uploads\/2025\/12\/d6e65a16f72eb34245c4d51a69150936eac53af5.jpg');\"><\/div>\n  \n  <div class=\"hero-reusable-overlay\"><\/div>\n\n  <div class=\"container hero-reusable-content text-center\">\n          <p class=\"hero-reusable-sub\">Gjestehistorier<\/p>\n        \n          <div class=\"hero-reusable-title\">\n        <p>Historier fra Arktis<\/p>\n      <\/div>\n      <\/div>\n<\/section>\n\n\n\n<section class=\"curator-slider-section\">\n\n  <div class=\"curator-section-header\">\n          <h2>Kuratorens valg fra den arktiske sommeren<\/h2>\n        <div class=\"curator-nav-arrows\">\n      <button class=\"curator-prev-btn\">\u2190<\/button>\n      <button class=\"curator-next-btn\">\u2192<\/button>\n    <\/div>\n  <\/div>\n\n  <div class=\"swiper curator-swiper\">\n    <div class=\"swiper-wrapper\">\n\n              <div class=\"swiper-slide\">\n          <div class=\"curator-slide-inner\" style=\"background-image: url(https:\/\/stg-basecampexplorer.kwrk.in\/wp-content\/uploads\/2026\/01\/56.png);\">\n            <div class=\"curator-slide-image\">\n                              <img decoding=\"async\" src=\"https:\/\/stg-basecampexplorer.kwrk.in\/wp-content\/uploads\/2025\/12\/a790109331d561d4ec936e3c639b61d4dfac9664.jpg\" alt=\"\">\n                          <\/div>\n            <div class=\"curator-slide-content\">\n                              <div class=\"curator-handwritten\">Arktis f\u00f8les ufattelig stort, men samtidig dypt personlig.<\/div>\n                                            <p>Mens vi s\u00e5 midnattssolen gli over fjellene, inns\u00e5 vi hvor sjelden det er \u00e5 oppleve et sted som f\u00f8les b\u00e5de r\u00e5tt og innbydende p\u00e5 samme tid. Guidene ga oss rom til \u00e5 absorbere det hele - stille, respektfullt og i v\u00e5rt eget tempo.<\/p>\n                                            <div class=\"curator-author\">- Emily, USA<\/div>\n                                            <div class=\"curator-meta\">Sommeropplevelse<span> \u2022 <\/span>Basecamp Explorer<\/div>\n                          <\/div>\n          <\/div>\n        <\/div>\n              <div class=\"swiper-slide\">\n          <div class=\"curator-slide-inner\" style=\"background-image: url(https:\/\/stg-basecampexplorer.kwrk.in\/wp-content\/uploads\/2026\/01\/56.png);\">\n            <div class=\"curator-slide-image\">\n                              <img decoding=\"async\" src=\"https:\/\/stg-basecampexplorer.kwrk.in\/wp-content\/uploads\/2025\/12\/6a0c56db37c56f669ad47f5239c698e26d76763b.jpg\" alt=\"\">\n                          <\/div>\n            <div class=\"curator-slide-content\">\n                              <div class=\"curator-handwritten\">Tundraen strekker seg ut i det uendelige, men f\u00f8les likevel som hjemme.<\/div>\n                                            <p>Under nordlyset syntes tiden \u00e5 st\u00e5 stille. Det er sjelden man finner et sted som gj\u00f8r deg b\u00e5de ydmyk og oppkvikkende. Guidene v\u00e5re lot oss utforske, oppdage og komme i kontakt med landet i v\u00e5r egen rytme.<\/p>\n                                            <div class=\"curator-author\">- John, Canada<\/div>\n                                            <div class=\"curator-meta\">Sommeropplevelse<span> \u2022 <\/span>Basecamp Explorer<\/div>\n                          <\/div>\n          <\/div>\n        <\/div>\n      \n    <\/div>\n  <\/div>\n\n<\/section>\n\n\n\n\n\n<section class=\"story-journal-section\">\n  <div class=\"container\">\n    <div class=\"story-journal-grid\" id=\"storyGrid\" data-stories='[{&quot;id&quot;:1671,&quot;title&quot;:&quot;MEET OUR DOGS&quot;,&quot;permalink&quot;:&quot;https:\\\/\\\/stg-basecampexplorer.kwrk.in\\\/nb\\\/story\\\/meet-our-dogs\\\/&quot;,&quot;thumbnail&quot;:&quot;https:\\\/\\\/stg-basecampexplorer.kwrk.in\\\/wp-content\\\/uploads\\\/2025\\\/11\\\/4cefbe6748b30561cd58c810e583a5b4835ddcb4.png&quot;,&quot;date&quot;:&quot;20 JANUAR 2026&quot;},{&quot;id&quot;:1670,&quot;title&quot;:&quot;SNOWMOBILING IN SVALBARD? YES!&quot;,&quot;permalink&quot;:&quot;https:\\\/\\\/stg-basecampexplorer.kwrk.in\\\/nb\\\/story\\\/snowmobiling-in-svalbard-yes\\\/&quot;,&quot;thumbnail&quot;:&quot;https:\\\/\\\/stg-basecampexplorer.kwrk.in\\\/wp-content\\\/uploads\\\/2026\\\/01\\\/snowmobiling-svalbard-photo-by-thought-leader-global-basecamp-explorer-11-1920x1080-1.jpg&quot;,&quot;date&quot;:&quot;17 JANUAR 2026&quot;},{&quot;id&quot;:1668,&quot;title&quot;:&quot;AS FRESH AS IT GETS&quot;,&quot;permalink&quot;:&quot;https:\\\/\\\/stg-basecampexplorer.kwrk.in\\\/nb\\\/story\\\/as-fresh-as-it-gets\\\/&quot;,&quot;thumbnail&quot;:&quot;https:\\\/\\\/stg-basecampexplorer.kwrk.in\\\/wp-content\\\/uploads\\\/2026\\\/01\\\/download-35.jpg&quot;,&quot;date&quot;:&quot;16 JANUAR 2026&quot;},{&quot;id&quot;:1667,&quot;title&quot;:&quot;WAKING UP AT ISFJORD RADIO WITH A SPECIAL KIND OF DROP-IN GUEST&quot;,&quot;permalink&quot;:&quot;https:\\\/\\\/stg-basecampexplorer.kwrk.in\\\/nb\\\/story\\\/waking-up-at-isfjord-radio-with-a-special-kind-of-drop-in-guest\\\/&quot;,&quot;thumbnail&quot;:&quot;https:\\\/\\\/stg-basecampexplorer.kwrk.in\\\/wp-content\\\/uploads\\\/2025\\\/12\\\/9b5df9d6b2f1a8549fd6ee7fc5c2df1b15c0f313.jpg&quot;,&quot;date&quot;:&quot;15 JANUAR 2026&quot;},{&quot;id&quot;:1657,&quot;title&quot;:&quot;BE INSPIRED: SAMPLE MENU FROM ISFJORD RADIO KITCHEN&quot;,&quot;permalink&quot;:&quot;https:\\\/\\\/stg-basecampexplorer.kwrk.in\\\/nb\\\/story\\\/1657\\\/&quot;,&quot;thumbnail&quot;:&quot;https:\\\/\\\/stg-basecampexplorer.kwrk.in\\\/wp-content\\\/uploads\\\/2026\\\/01\\\/download-34.jpg&quot;,&quot;date&quot;:&quot;14 JANUAR 2026&quot;},{&quot;id&quot;:1655,&quot;title&quot;:&quot;OUR ARCTIC FOOD PHILOSOPHY&quot;,&quot;permalink&quot;:&quot;https:\\\/\\\/stg-basecampexplorer.kwrk.in\\\/nb\\\/story\\\/our-arctic-food-philosophy\\\/&quot;,&quot;thumbnail&quot;:&quot;https:\\\/\\\/stg-basecampexplorer.kwrk.in\\\/wp-content\\\/uploads\\\/2026\\\/01\\\/basecamp-explorer-spitsbergen-isfjord-radio-adventure-hotel-svalbard-food-21-1920x1080-1.jpg&quot;,&quot;date&quot;:&quot;13 DESEMBER 2015&quot;},{&quot;id&quot;:1652,&quot;title&quot;:&quot;THE FEELING OF AN ARCTIC SPA&quot;,&quot;permalink&quot;:&quot;https:\\\/\\\/stg-basecampexplorer.kwrk.in\\\/nb\\\/story\\\/the-feeling-of-an-arctic-spa\\\/&quot;,&quot;thumbnail&quot;:&quot;https:\\\/\\\/stg-basecampexplorer.kwrk.in\\\/wp-content\\\/uploads\\\/2026\\\/01\\\/download-33.jpg&quot;,&quot;date&quot;:&quot;12 DESEMBER 2015&quot;},{&quot;id&quot;:1647,&quot;title&quot;:&quot;THE CITY ABANDONED AT THE WORLD\\u2019S END&quot;,&quot;permalink&quot;:&quot;https:\\\/\\\/stg-basecampexplorer.kwrk.in\\\/nb\\\/story\\\/the-city-abandoned-at-the-worlds-end\\\/&quot;,&quot;thumbnail&quot;:&quot;https:\\\/\\\/stg-basecampexplorer.kwrk.in\\\/wp-content\\\/uploads\\\/2026\\\/01\\\/download-32.jpg&quot;,&quot;date&quot;:&quot;11 DESEMBER 2015&quot;},{&quot;id&quot;:1645,&quot;title&quot;:&quot;ST OLAVS ROSE&quot;,&quot;permalink&quot;:&quot;https:\\\/\\\/stg-basecampexplorer.kwrk.in\\\/nb\\\/story\\\/st-olavs-rose\\\/&quot;,&quot;thumbnail&quot;:&quot;https:\\\/\\\/stg-basecampexplorer.kwrk.in\\\/wp-content\\\/uploads\\\/2026\\\/01\\\/download-31.jpg&quot;,&quot;date&quot;:&quot;10 DESEMBER 2015&quot;},{&quot;id&quot;:1643,&quot;title&quot;:&quot;AN ENTIRE LIFE AS A TRAPPER ON THE ISLAND OF SVALBARD&quot;,&quot;permalink&quot;:&quot;https:\\\/\\\/stg-basecampexplorer.kwrk.in\\\/nb\\\/story\\\/an-entire-life-as-a-trapper-on-the-island-of-svalbard\\\/&quot;,&quot;thumbnail&quot;:&quot;https:\\\/\\\/stg-basecampexplorer.kwrk.in\\\/wp-content\\\/uploads\\\/2026\\\/01\\\/download-30.jpg&quot;,&quot;date&quot;:&quot;09 DESEMBER 2015&quot;},{&quot;id&quot;:1195,&quot;title&quot;:&quot;MODERNITY MEETS WILDERNESS&quot;,&quot;permalink&quot;:&quot;https:\\\/\\\/stg-basecampexplorer.kwrk.in\\\/nb\\\/story\\\/modernity-meets-wilderness\\\/&quot;,&quot;thumbnail&quot;:&quot;https:\\\/\\\/stg-basecampexplorer.kwrk.in\\\/wp-content\\\/uploads\\\/2015\\\/12\\\/download-29.jpg&quot;,&quot;date&quot;:&quot;08 DESEMBER 2015&quot;},{&quot;id&quot;:939,&quot;title&quot;:&quot;BE A MUSHER YOURSELF!&quot;,&quot;permalink&quot;:&quot;https:\\\/\\\/stg-basecampexplorer.kwrk.in\\\/nb\\\/story\\\/be-a-musher-yourself\\\/&quot;,&quot;thumbnail&quot;:&quot;https:\\\/\\\/stg-basecampexplorer.kwrk.in\\\/wp-content\\\/uploads\\\/2025\\\/12\\\/download-28.jpg&quot;,&quot;date&quot;:&quot;07 DESEMBER 2015&quot;},{&quot;id&quot;:938,&quot;title&quot;:&quot;WHAT IS GRUVE 3 FOREST?&quot;,&quot;permalink&quot;:&quot;https:\\\/\\\/stg-basecampexplorer.kwrk.in\\\/nb\\\/story\\\/what-is-gruve-3-forest\\\/&quot;,&quot;thumbnail&quot;:&quot;https:\\\/\\\/stg-basecampexplorer.kwrk.in\\\/wp-content\\\/uploads\\\/2025\\\/12\\\/download-27.jpg&quot;,&quot;date&quot;:&quot;06 DESEMBER 2015&quot;},{&quot;id&quot;:936,&quot;title&quot;:&quot;COAL RUSH TO SPITSBERGEN&quot;,&quot;permalink&quot;:&quot;https:\\\/\\\/stg-basecampexplorer.kwrk.in\\\/nb\\\/story\\\/coal-rush-to-spitsbergen\\\/&quot;,&quot;thumbnail&quot;:&quot;https:\\\/\\\/stg-basecampexplorer.kwrk.in\\\/wp-content\\\/uploads\\\/2025\\\/12\\\/download-26.jpg&quot;,&quot;date&quot;:&quot;05 DESEMBER 2015&quot;},{&quot;id&quot;:1630,&quot;title&quot;:&quot;CHASING DREAMS&quot;,&quot;permalink&quot;:&quot;https:\\\/\\\/stg-basecampexplorer.kwrk.in\\\/nb\\\/story\\\/chasing-dreams\\\/&quot;,&quot;thumbnail&quot;:&quot;https:\\\/\\\/stg-basecampexplorer.kwrk.in\\\/wp-content\\\/uploads\\\/2026\\\/01\\\/download-25.jpg&quot;,&quot;date&quot;:&quot;04 DESEMBER 2015&quot;},{&quot;id&quot;:1194,&quot;title&quot;:&quot;DUGNAD \\u2013 VOLUNTEER WORK&quot;,&quot;permalink&quot;:&quot;https:\\\/\\\/stg-basecampexplorer.kwrk.in\\\/nb\\\/story\\\/dugnad-volunteer-work\\\/&quot;,&quot;thumbnail&quot;:&quot;https:\\\/\\\/stg-basecampexplorer.kwrk.in\\\/wp-content\\\/uploads\\\/2015\\\/12\\\/download-24.jpg&quot;,&quot;date&quot;:&quot;03 DESEMBER 2015&quot;},{&quot;id&quot;:1193,&quot;title&quot;:&quot;WORK AND HOLIDAY AT NORDENSKI\\u00d6LD&quot;,&quot;permalink&quot;:&quot;https:\\\/\\\/stg-basecampexplorer.kwrk.in\\\/nb\\\/story\\\/work-and-holiday-at-nordenskiold\\\/&quot;,&quot;thumbnail&quot;:&quot;https:\\\/\\\/stg-basecampexplorer.kwrk.in\\\/wp-content\\\/uploads\\\/2026\\\/01\\\/workandholiday_nordenskiold.jpg&quot;,&quot;date&quot;:&quot;02 DESEMBER 2015&quot;},{&quot;id&quot;:930,&quot;title&quot;:&quot;\\u201cWE CAN DO IT\\u201d&quot;,&quot;permalink&quot;:&quot;https:\\\/\\\/stg-basecampexplorer.kwrk.in\\\/nb\\\/story\\\/we-can-do-it\\\/&quot;,&quot;thumbnail&quot;:&quot;https:\\\/\\\/stg-basecampexplorer.kwrk.in\\\/wp-content\\\/uploads\\\/2025\\\/12\\\/isfjord_radio_inside.jpg&quot;,&quot;date&quot;:&quot;01 DESEMBER 2015&quot;}]'><\/div>\n\n    <!-- Pagination -->\n    <div class=\"pagination\" id=\"storyPagination\"><\/div>\n  <\/div>\n<\/section>\n\n\n\n<section class=\"quote\" style=\"background-image: url(https:\/\/stg-basecampexplorer.kwrk.in\/wp-content\/uploads\/2025\/12\/BES-illustrasjoner-topografi-morkebla_Basecamp-Hotell-Longyearbyen-uten-hav-1-1.png);\">\n  <div class=\"container quote-container\">\n    <div class=\"quote-content\">\n              <h1>Hver reise hit er forskjellig. <br \/>\r\nDet som forblir det samme, er hvor dypt det sitter i deg.<\/h1>\n            \n          <\/div>\n  <\/div>\n<\/section>\n\n\n<section class=\"journey-grid-section\" style=\"background-color: rgba(255, 255, 255, 1); background-image: url('https:\/\/stg-basecampexplorer.kwrk.in\/wp-content\/uploads\/2025\/12\/BES-illustrasjoner-topografi-morkebla_Basecamp-Hotell-Longyearbyen-uten-hav-4.png'), url('https:\/\/stg-basecampexplorer.kwrk.in\/wp-content\/uploads\/2025\/12\/BES-illustrasjoner-topografi-morkebla_Nordenskiold-Lodge-uten-hav-4.png');\">\n    <div class=\"container\">\n        <div class=\"journey-grid-content\">\n                            <h2 class=\"journey-grid-heading\">Inspirert av disse historiene?<\/h2>\n                        \n                            <p class=\"journey-grid-description\">Hver reise med Basecamp Explorer er formet av menneskene, \u00e5rstiden og stedet i seg selv. Hvis Arktis kaller, er vi her for \u00e5 hjelpe deg med \u00e5 planlegge en reise som f\u00f8les helt og holdent som din egen.<\/p>\n                        \n                            <a href=\"https:\/\/stg-basecampexplorer.kwrk.in\/nb\/contact-us\/\" class=\"journey-grid-btn\">Foresp\u00f8r n\u00e5<\/a>\n                    <\/div>\n\n        <div class=\"journey-grid\">\n                            <div class=\"journey-grid-item journey-grid-item--left\">\n                    <img decoding=\"async\" src=\"https:\/\/stg-basecampexplorer.kwrk.in\/wp-content\/uploads\/2025\/12\/ac8f9390594aa1c8ab24d068802f93558ce387f1.jpg\" alt=\"Mountain\" \/>\n                <\/div>\n            \n            <div class=\"journey-grid-col\">\n                                    <div class=\"journey-grid-item journey-grid-item--top\">\n                        <img decoding=\"async\" src=\"https:\/\/stg-basecampexplorer.kwrk.in\/wp-content\/uploads\/2025\/12\/409b789dd69e211b0d50811857880030451a7ba0.jpg\" alt=\"Mountains\" \/>\n                    <\/div>\n                                \n                                    <div class=\"journey-grid-item journey-grid-item--bottom\">\n                        <img decoding=\"async\" src=\"https:\/\/stg-basecampexplorer.kwrk.in\/wp-content\/uploads\/2025\/12\/f8547edaf18c353131388e39d3b08d0128b741bb.jpg\" alt=\"Cabin\" \/>\n                    <\/div>\n                            <\/div>\n\n                            <div class=\"journey-grid-item journey-grid-item--right\">\n                    <img decoding=\"async\" src=\"https:\/\/stg-basecampexplorer.kwrk.in\/wp-content\/uploads\/2025\/12\/52a83c39d9e787374cccdd12e2e2cbf1f466e664.jpg\" alt=\"Hiker\" \/>\n                <\/div>\n                    <\/div>\n    <\/div>\n<\/section>","protected":false},"excerpt":{"rendered":"","protected":false},"author":1,"featured_media":0,"parent":0,"menu_order":0,"comment_status":"closed","ping_status":"closed","template":"","meta":{"_acf_changed":false,"footnotes":""},"class_list":["post-803","page","type-page","status-publish","hentry"],"acf":[],"_links":{"self":[{"href":"https:\/\/stg-basecampexplorer.kwrk.in\/nb\/wp-json\/wp\/v2\/pages\/803","targetHints":{"allow":["GET"]}}],"collection":[{"href":"https:\/\/stg-basecampexplorer.kwrk.in\/nb\/wp-json\/wp\/v2\/pages"}],"about":[{"href":"https:\/\/stg-basecampexplorer.kwrk.in\/nb\/wp-json\/wp\/v2\/types\/page"}],"author":[{"embeddable":true,"href":"https:\/\/stg-basecampexplorer.kwrk.in\/nb\/wp-json\/wp\/v2\/users\/1"}],"replies":[{"embeddable":true,"href":"https:\/\/stg-basecampexplorer.kwrk.in\/nb\/wp-json\/wp\/v2\/comments?post=803"}],"version-history":[{"count":7,"href":"https:\/\/stg-basecampexplorer.kwrk.in\/nb\/wp-json\/wp\/v2\/pages\/803\/revisions"}],"predecessor-version":[{"id":1929,"href":"https:\/\/stg-basecampexplorer.kwrk.in\/nb\/wp-json\/wp\/v2\/pages\/803\/revisions\/1929"}],"wp:attachment":[{"href":"https:\/\/stg-basecampexplorer.kwrk.in\/nb\/wp-json\/wp\/v2\/media?parent=803"}],"curies":[{"name":"wp","href":"https:\/\/api.w.org\/{rel}","templated":true}]}}