{"id":744,"date":"2025-12-24T07:01:01","date_gmt":"2025-12-24T07:01:01","guid":{"rendered":"http:\/\/localhost\/basecamp_explorer\/?page_id=744"},"modified":"2026-01-16T13:02:20","modified_gmt":"2026-01-16T13:02:20","slug":"winter","status":"publish","type":"page","link":"https:\/\/stg-basecampexplorer.kwrk.in\/nb\/winter\/","title":{"rendered":"Vinter"},"content":{"rendered":"<section class=\"hero-reusable\" data-height=\"100vh\">\n      <!-- Image Background -->\n    <div class=\"hero-reusable-bg\" style=\"background-image: url('https:\/\/stg-basecampexplorer.kwrk.in\/wp-content\/uploads\/2025\/12\/300cf14e25e10cafda81abac7e8d166f60a396dc-scaled.jpg');\"><\/div>\n  \n  <div class=\"hero-reusable-overlay\"><\/div>\n\n  <div class=\"container hero-reusable-content text-center\">\n          <p class=\"hero-reusable-sub\">Vinter<\/p>\n        \n          <div class=\"hero-reusable-title\">\n        <p>Et ekte vintereventyr<\/p>\n      <\/div>\n      <\/div>\n<\/section>\n\n\n\n<section class=\"text-image-block\" data-layout=\"image-right\" style=\"--decorative-line-url: url(https:\/\/stg-basecampexplorer.kwrk.in\/wp-content\/uploads\/2025\/12\/new-Vector-6.png);\">\n  <div class=\"container ti-container\">\n\n    <div class=\"ti-image has-decorative-line\">\n              <img decoding=\"async\" \n          src=\"https:\/\/stg-basecampexplorer.kwrk.in\/wp-content\/uploads\/2026\/01\/21f24718e6b1e924d9f470a98a13a82fe40b5110.jpg\" \n          alt=\"\" \n          loading=\"lazy\"\n        \/>\n          <\/div>\n\n    <div class=\"ti-text\">\n              <h1>Utforsk Svalbard under den polare nattehimmelen<\/h1>\n      \n              <div class=\"ti-content\">\n          <p>Vinteren p\u00e5 Svalbard er preget av den mystiske polarnatten, der solen aldri st\u00e5r opp og verden styres av tussm\u00f8rke og stjerner. Med m\u00e5nens gl\u00f8d og nordlysets flimring som rettesnor f\u00e5r vinteropplevelsene en dr\u00f8mmeaktig, filmatisk atmosf\u00e6re - en atmosf\u00e6re som ikke finnes noe annet sted p\u00e5 jorden.<\/p>\n        <\/div>\n          <\/div>\n\n  <\/div>\n<\/section>\n\n\n\n<section class=\"text-image-block\" data-layout=\"image-left\" style=\"--decorative-line-url: url(https:\/\/stg-basecampexplorer.kwrk.in\/wp-content\/uploads\/2025\/12\/Vectorsss-6.png);\">\n  <div class=\"container ti-container\">\n\n    <div class=\"ti-image has-decorative-line\">\n              <img decoding=\"async\" \n          src=\"https:\/\/stg-basecampexplorer.kwrk.in\/wp-content\/uploads\/2025\/12\/5f95ba2f62e593538b37de28a8a003a73bca8ee6.jpg\" \n          alt=\"\" \n          loading=\"lazy\"\n        \/>\n          <\/div>\n\n    <div class=\"ti-text\">\n              <h1>En sesong med arktiske underverker<\/h1>\n      \n              <div class=\"ti-content\">\n          <p>Dette er sesongen for frosne fjorder, drivende sj\u00f8is og sn\u00f8dekte daler. Det er ogs\u00e5 den perfekte tiden for \u00e5 m\u00f8te Svalbards dyreliv i sitt vinterhabitat - reinsdyr som vandrer gjennom bl\u00e5fargede landskap, fjellrev som g\u00e5r i ett med sn\u00f8en og en og annen sel som hviler seg p\u00e5 iskanten.<\/p>\n        <\/div>\n          <\/div>\n\n  <\/div>\n<\/section>\n\n\n\n<section class=\"text-image-block\" data-layout=\"image-right\" style=\"--decorative-line-url: url(https:\/\/stg-basecampexplorer.kwrk.in\/wp-content\/uploads\/2025\/12\/Vector-6.png);\">\n  <div class=\"container ti-container\">\n\n    <div class=\"ti-image has-decorative-line\">\n              <img decoding=\"async\" \n          src=\"https:\/\/stg-basecampexplorer.kwrk.in\/wp-content\/uploads\/2025\/12\/f412da18d08390fe85eaa6bbb1a5701d1152caa5.jpg\" \n          alt=\"\" \n          loading=\"lazy\"\n        \/>\n          <\/div>\n\n    <div class=\"ti-text\">\n              <h1>Frosne landskap og istidsgrenser<\/h1>\n      \n              <div class=\"ti-content\">\n          <p>Fra ruvende isbreer til sn\u00f8drivere formet av den arktiske vinden - vinteren avsl\u00f8rer Svalbards r\u00e5 geologiske kraft. Reis dypt inn i uber\u00f8rt terreng med sn\u00f8scooter eller hundeslede, og oppdag dramatiske isformasjoner, frostede fjell og f\u00f8lelsen av ekte polarutforskning.<\/p>\n        <\/div>\n          <\/div>\n\n  <\/div>\n<\/section>\n\n\n\n<section class=\"text-image-block\" data-layout=\"image-left\">\n  <div class=\"container ti-container\">\n\n    <div class=\"ti-image\">\n              <img decoding=\"async\" \n          src=\"https:\/\/stg-basecampexplorer.kwrk.in\/wp-content\/uploads\/2025\/12\/8a75b3aa0d2f0dc54e87e7099ba9396a83e2017c.jpg\" \n          alt=\"\" \n          loading=\"lazy\"\n        \/>\n          <\/div>\n\n    <div class=\"ti-text\">\n              <h1>Den beste tiden for \u00e5 oppleve ekte villmark<\/h1>\n      \n              <div class=\"ti-content\">\n          <p>For dem som s\u00f8ker avsidesliggende natur og eventyr, er vinteren den ultimate \u00e5rstiden. Enten du reiser under polarnatten eller i det skarpe lyset fra den tilbakevendende solen, er det n\u00e5 Arktis f\u00f8les virkelig vilt. Vinterreisene v\u00e5re tar deg langt utenfor Longyearbyen, til utposter omgitt av stillhet og endel\u00f8se hvite horisonter.<\/p>\n        <\/div>\n          <\/div>\n\n  <\/div>\n<\/section>\n\n\n\n<section class=\"image-carousel-section black-theme\" style=\"background-color: #f7f7f7;\">\n\n  <!-- Heading + Controls -->\n  <div class=\"carousel-heading-row container\">\n    \n    <div class=\"carousel-head\">\n      <h1>Kuratorens valg fra den arktiske vinteren<\/h1>\n    <\/div>\n\n    <div class=\"carousel-heading-controls\">\n      <div class=\"carousel-controller\">\n        <button class=\"carousel-prev\" aria-label=\"tidligere\">\n          <i class=\"bi bi-arrow-left-short\"><\/i>\n        <\/button>\n\n        <button class=\"carousel-next\" aria-label=\"neste\">\n          <i class=\"bi bi-arrow-right-short\"><\/i>\n        <\/button>\n      <\/div>\n    <\/div>\n\n  <\/div>\n\n\n  <!-- Swiper -->\n  <div class=\"image-carousel-swiper swiper\">\n    <div class=\"swiper-wrapper\">\n\n              \n                  \n          <div class=\"swiper-slide\">\n                          <a href=\"https:\/\/stg-basecampexplorer.kwrk.in\/nb\/boundaries-beyond\/\" class=\"carousel-image-card\">\n                          \n                              <img decoding=\"async\" \n                  src=\"https:\/\/stg-basecampexplorer.kwrk.in\/wp-content\/uploads\/2025\/12\/Rectangle-10-2.png\" \n                  alt=\"Carousel Image\" \n                  loading=\"lazy\"\n                >\n                            \n                              <div class=\"carousel-text-overlay\">\n                                      <h3 class=\"slide-title\">Grenser utover<\/h3>\n                                    \n                                      <p class=\"slide-subtitle\">Isfjord Radio<\/p>\n                                  <\/div>\n                          \n                          <\/a>\n                      <\/div>\n\n                  \n          <div class=\"swiper-slide\">\n                          <a href=\"https:\/\/stg-basecampexplorer.kwrk.in\/nb\/the-glacier-odyssey\/\" class=\"carousel-image-card\">\n                          \n                              <img decoding=\"async\" \n                  src=\"https:\/\/stg-basecampexplorer.kwrk.in\/wp-content\/uploads\/2025\/12\/Rectangle-10-3.jpg\" \n                  alt=\"Carousel Image\" \n                  loading=\"lazy\"\n                >\n                            \n                              <div class=\"carousel-text-overlay\">\n                                      <h3 class=\"slide-title\">En odyss\u00e9 p\u00e5 isbreen<\/h3>\n                                    \n                                      <p class=\"slide-subtitle\">Nordenski\u00f6ld Lodge<\/p>\n                                  <\/div>\n                          \n                          <\/a>\n                      <\/div>\n\n                  \n          <div class=\"swiper-slide\">\n                          <a href=\"https:\/\/stg-basecampexplorer.kwrk.in\/nb\/trappers-trail\/\" class=\"carousel-image-card\">\n                          \n                              <img decoding=\"async\" \n                  src=\"https:\/\/stg-basecampexplorer.kwrk.in\/wp-content\/uploads\/2025\/12\/Rectangle-10-4.jpg\" \n                  alt=\"Carousel Image\" \n                  loading=\"lazy\"\n                >\n                            \n                              <div class=\"carousel-text-overlay\">\n                                      <h3 class=\"slide-title\">Trapper's Trail<\/h3>\n                                    \n                                      <p class=\"slide-subtitle\">Hundekj\u00f8ring<\/p>\n                                  <\/div>\n                          \n                          <\/a>\n                      <\/div>\n\n                  \n          <div class=\"swiper-slide\">\n                          <a href=\"https:\/\/stg-basecampexplorer.kwrk.in\/nb\/chasing-the-northern-lights\/\" class=\"carousel-image-card\">\n                          \n                              <img decoding=\"async\" \n                  src=\"https:\/\/stg-basecampexplorer.kwrk.in\/wp-content\/uploads\/2026\/01\/northernlights_spitsbergen_kirstiikonen1-1920x1080-1.jpg\" \n                  alt=\"Carousel Image\" \n                  loading=\"lazy\"\n                >\n                            \n                              <div class=\"carousel-text-overlay\">\n                                      <h3 class=\"slide-title\">P\u00e5 jakt etter nordlyset<\/h3>\n                                    \n                                      <p class=\"slide-subtitle\">Longyearbyen<\/p>\n                                  <\/div>\n                          \n                          <\/a>\n                      <\/div>\n\n                  \n          <div class=\"swiper-slide\">\n                          <a href=\"https:\/\/stg-basecampexplorer.kwrk.in\/nb\/telegraph-route\/\" class=\"carousel-image-card\">\n                          \n                              <img decoding=\"async\" \n                  src=\"https:\/\/stg-basecampexplorer.kwrk.in\/wp-content\/uploads\/2026\/01\/file250507-basecamp-shakleton149-1920x1080-1.jpg\" \n                  alt=\"Carousel Image\" \n                  loading=\"lazy\"\n                >\n                            \n                              <div class=\"carousel-text-overlay\">\n                                      <h3 class=\"slide-title\">Telegrafruten<\/h3>\n                                    \n                                      <p class=\"slide-subtitle\">Isfjord Radio<\/p>\n                                  <\/div>\n                          \n                          <\/a>\n                      <\/div>\n\n        \n      \n    <\/div>\n\n    <!-- Scrollbar + Placeholder (matches your layout) -->\n    <div class=\"carousel-controls-row container\">\n      <div class=\"carousel-controls-placeholder\"><\/div>\n      <div class=\"swiper-scrollbar\"><\/div>\n    <\/div>\n\n  <\/div>\n\n<\/section>\n\n\n\n<section class=\"journey-grid-section\" style=\"background-color: #eff7fa; background-image: url('https:\/\/stg-basecampexplorer.kwrk.in\/wp-content\/uploads\/2025\/12\/BES-illustrasjoner-topografi-morkebla\u030a_Basecamp-Hotell-Longyearbyen-uten-hav-1-1.png'), url('https:\/\/stg-basecampexplorer.kwrk.in\/wp-content\/uploads\/2025\/12\/BES-illustrasjoner-topografi-morkebla\u030a_Nordenskiold-Lodge-uten-hav-1.png');\">\n    <div class=\"container\">\n        <div class=\"journey-grid-content\">\n                            <h2 class=\"journey-grid-heading\">Klar til \u00e5 planlegge vinterreisen din?<\/h2>\n                        \n                            <p class=\"journey-grid-description\">La oss hjelpe deg med \u00e5 skape et uforglemmelig arktisk eventyr skreddersydd til din stil.<\/p>\n                        \n                            <a href=\"#\" class=\"journey-grid-btn\">Foresp\u00f8r n\u00e5<\/a>\n                    <\/div>\n\n        <div class=\"journey-grid\">\n                            <div class=\"journey-grid-item journey-grid-item--left\">\n                    <img decoding=\"async\" src=\"https:\/\/stg-basecampexplorer.kwrk.in\/wp-content\/uploads\/2025\/12\/ac8f9390594aa1c8ab24d068802f93558ce387f1.jpg\" alt=\"Mountain\" \/>\n                <\/div>\n            \n            <div class=\"journey-grid-col\">\n                                    <div class=\"journey-grid-item journey-grid-item--top\">\n                        <img decoding=\"async\" src=\"https:\/\/stg-basecampexplorer.kwrk.in\/wp-content\/uploads\/2025\/12\/409b789dd69e211b0d50811857880030451a7ba0.jpg\" alt=\"Mountains\" \/>\n                    <\/div>\n                                \n                                    <div class=\"journey-grid-item journey-grid-item--bottom\">\n                        <img decoding=\"async\" src=\"https:\/\/stg-basecampexplorer.kwrk.in\/wp-content\/uploads\/2025\/12\/f8547edaf18c353131388e39d3b08d0128b741bb.jpg\" alt=\"Cabin\" \/>\n                    <\/div>\n                            <\/div>\n\n                            <div class=\"journey-grid-item journey-grid-item--right\">\n                    <img decoding=\"async\" src=\"https:\/\/stg-basecampexplorer.kwrk.in\/wp-content\/uploads\/2025\/12\/52a83c39d9e787374cccdd12e2e2cbf1f466e664.jpg\" alt=\"Hiker\" \/>\n                <\/div>\n                    <\/div>\n    <\/div>\n<\/section>","protected":false},"excerpt":{"rendered":"","protected":false},"author":1,"featured_media":0,"parent":0,"menu_order":0,"comment_status":"closed","ping_status":"closed","template":"","meta":{"_acf_changed":false,"footnotes":""},"class_list":["post-744","page","type-page","status-publish","hentry"],"acf":[],"_links":{"self":[{"href":"https:\/\/stg-basecampexplorer.kwrk.in\/nb\/wp-json\/wp\/v2\/pages\/744","targetHints":{"allow":["GET"]}}],"collection":[{"href":"https:\/\/stg-basecampexplorer.kwrk.in\/nb\/wp-json\/wp\/v2\/pages"}],"about":[{"href":"https:\/\/stg-basecampexplorer.kwrk.in\/nb\/wp-json\/wp\/v2\/types\/page"}],"author":[{"embeddable":true,"href":"https:\/\/stg-basecampexplorer.kwrk.in\/nb\/wp-json\/wp\/v2\/users\/1"}],"replies":[{"embeddable":true,"href":"https:\/\/stg-basecampexplorer.kwrk.in\/nb\/wp-json\/wp\/v2\/comments?post=744"}],"version-history":[{"count":8,"href":"https:\/\/stg-basecampexplorer.kwrk.in\/nb\/wp-json\/wp\/v2\/pages\/744\/revisions"}],"predecessor-version":[{"id":1563,"href":"https:\/\/stg-basecampexplorer.kwrk.in\/nb\/wp-json\/wp\/v2\/pages\/744\/revisions\/1563"}],"wp:attachment":[{"href":"https:\/\/stg-basecampexplorer.kwrk.in\/nb\/wp-json\/wp\/v2\/media?parent=744"}],"curies":[{"name":"wp","href":"https:\/\/api.w.org\/{rel}","templated":true}]}}