{"id":596,"date":"2025-12-22T11:03:21","date_gmt":"2025-12-22T11:03:21","guid":{"rendered":"http:\/\/localhost\/basecamp_explorer\/?page_id=596"},"modified":"2026-01-22T05:23:30","modified_gmt":"2026-01-22T05:23:30","slug":"activities-collection","status":"publish","type":"page","link":"https:\/\/stg-basecampexplorer.kwrk.in\/nb\/activities-collection\/","title":{"rendered":"Activities collection"},"content":{"rendered":"<section class=\"hero-reusable\" data-height=\"100vh\">\n      <!-- Image Background -->\n    <div class=\"hero-reusable-bg\" style=\"background-image: url('https:\/\/stg-basecampexplorer.kwrk.in\/wp-content\/uploads\/2025\/12\/e0d29b0de0e82583141797c3c7795261318fbb5a-scaled.jpg');\"><\/div>\n  \n  <div class=\"hero-reusable-overlay\"><\/div>\n\n  <div class=\"container hero-reusable-content text-center\">\n          <p class=\"hero-reusable-sub\">Velg din perfekte Svalbard-opplevelse<\/p>\n        \n          <div class=\"hero-reusable-title\">\n        <p>Eventyr p\u00e5 Svalbard<\/p>\n      <\/div>\n      <\/div>\n<\/section>\n\n\n\n<section class=\"adventure-svalbard black-theme\" style=\"background-color: #ffffff;\">\n  \n      <div class=\"adventure-overlay-image\">\n      <img decoding=\"async\" src=\"https:\/\/stg-basecampexplorer.kwrk.in\/wp-content\/uploads\/2025\/12\/BES-illustrasjoner-topografi-morkebla\u030a_Nordenskiold-Lodge-uten-hav.png\" alt=\"Overlay\">\n    <\/div>\n    \n  <div class=\"container\">\n      <h2>Sommer p\u00e5 Svalbard<\/h2>\n\n      <div class=\"adventure-svalbard-grid\">\n\n        <div class=\"adventure-image-large\">\n          <img decoding=\"async\" src=\"https:\/\/stg-basecampexplorer.kwrk.in\/wp-content\/uploads\/2025\/12\/aa3b3595586f7712a360d01ae0a410dc909ef9e9-scaled.jpg\" alt=\"\">\n        <\/div>\n\n        <div class=\"adventure-image-small\">\n          <img decoding=\"async\" src=\"https:\/\/stg-basecampexplorer.kwrk.in\/wp-content\/uploads\/2025\/12\/d9a8a8fec25f7edbbd3b56fe367c5ce8299c786d-scaled.jpg\" alt=\"\">\n        <\/div>\n\n        <div class=\"adventure-content\">\n          <div class=\"adventure-right-top\">\n            <div class=\"adventure-text\">\n              <p>Sommeren \u00e5pner Svalbard i et flammende lys og liv, der endel\u00f8se dager avsl\u00f8rer klipper som vrimler av fugler, isfrie fjorder og barske kystlinjer som kan utforskes med b\u00e5t, til fots eller med guide. Fra avsidesliggende utposter til skjult villmark - hver dag f\u00f8les levende og full av muligheter under midnattssolen.<\/p>\n            <\/div>\n\n                        <a class=\"adventure-cta\" href=\"https:\/\/stg-basecampexplorer.kwrk.in\/nb\/summer\/\">\n              Utforsk n\u00e5 \u2192\n            <\/a>\n                      <\/div>\n\n          <div class=\"adventure-map\">\n            <img decoding=\"async\" src=\"https:\/\/stg-basecampexplorer.kwrk.in\/wp-content\/uploads\/2026\/01\/BES-illustrasjoner-morkebla_Isfjord-Radio_Rodsildre_Saxifraga-1.svg\" alt=\"\">\n          <\/div>\n        <\/div>\n\n      <\/div>\n  <\/div>\n<\/section>\n\n\n\n<section class=\"image-carousel-section black-theme\" style=\"background-color: #ffffff;\">\n\n  <!-- Heading + Controls -->\n  <div class=\"carousel-heading-row container\">\n    \n    <div class=\"carousel-head\">\n      <h1>Kuraterte sommereventyr<\/h1>\n    <\/div>\n\n    <div class=\"carousel-heading-controls\">\n      <div class=\"carousel-controller\">\n        <button class=\"carousel-prev\" aria-label=\"tidligere\">\n          <i class=\"bi bi-arrow-left-short\"><\/i>\n        <\/button>\n\n        <button class=\"carousel-next\" aria-label=\"neste\">\n          <i class=\"bi bi-arrow-right-short\"><\/i>\n        <\/button>\n      <\/div>\n    <\/div>\n\n  <\/div>\n\n\n  <!-- Swiper -->\n  <div class=\"image-carousel-swiper swiper\">\n    <div class=\"swiper-wrapper\">\n\n              \n                  \n          <div class=\"swiper-slide\">\n                          <a href=\"https:\/\/stg-basecampexplorer.kwrk.in\/nb\/remote-horizons\/\" class=\"carousel-image-card\">\n                          \n                              <img decoding=\"async\" \n                  src=\"https:\/\/stg-basecampexplorer.kwrk.in\/wp-content\/uploads\/2025\/12\/86942eebabe95ec632b269e286cc57eb8fd36eaf.png\" \n                  alt=\"Carousel Image\" \n                  loading=\"lazy\"\n                >\n                            \n                              <div class=\"carousel-text-overlay\">\n                                      <h3 class=\"slide-title\">Fjerne horisonter<\/h3>\n                                    \n                                      <p class=\"slide-subtitle\">Isfjord Radio<\/p>\n                                  <\/div>\n                          \n                          <\/a>\n                      <\/div>\n\n                  \n          <div class=\"swiper-slide\">\n                          <a href=\"https:\/\/stg-basecampexplorer.kwrk.in\/nb\/unfold-the-north\/\" class=\"carousel-image-card\">\n                          \n                              <img decoding=\"async\" \n                  src=\"https:\/\/stg-basecampexplorer.kwrk.in\/wp-content\/uploads\/2025\/12\/2198c7ee8007717124590b141479ec00cea32848.png\" \n                  alt=\"Carousel Image\" \n                  loading=\"lazy\"\n                >\n                            \n                              <div class=\"carousel-text-overlay\">\n                                      <h3 class=\"slide-title\">Fold ut nordomr\u00e5dene<\/h3>\n                                    \n                                      <p class=\"slide-subtitle\">Nordenski\u00f6ld Lodge<\/p>\n                                  <\/div>\n                          \n                          <\/a>\n                      <\/div>\n\n                  \n          <div class=\"swiper-slide\">\n                          <a href=\"https:\/\/stg-basecampexplorer.kwrk.in\/nb\/traverse-nordenskiold-land\/\" class=\"carousel-image-card\">\n                          \n                              <img decoding=\"async\" \n                  src=\"https:\/\/stg-basecampexplorer.kwrk.in\/wp-content\/uploads\/2025\/12\/fcc377ed9f46cdd41a4487f4bd878244420af530.png\" \n                  alt=\"Carousel Image\" \n                  loading=\"lazy\"\n                >\n                            \n                              <div class=\"carousel-text-overlay\">\n                                      <h3 class=\"slide-title\">Kryss Nordenski\u00f6ld land<\/h3>\n                                    \n                                      <p class=\"slide-subtitle\">sfjord Radio<\/p>\n                                  <\/div>\n                          \n                          <\/a>\n                      <\/div>\n\n                  \n          <div class=\"swiper-slide\">\n                          <a href=\"https:\/\/stg-basecampexplorer.kwrk.in\/nb\/uncharted-circuit\/\" class=\"carousel-image-card\">\n                          \n                              <img decoding=\"async\" \n                  src=\"https:\/\/stg-basecampexplorer.kwrk.in\/wp-content\/uploads\/2025\/12\/d4473bbd18f61c2ce3f5f929fe589f4d31c1bbfc.png\" \n                  alt=\"Carousel Image\" \n                  loading=\"lazy\"\n                >\n                            \n                              <div class=\"carousel-text-overlay\">\n                                      <h3 class=\"slide-title\">Uncharted Circuit<\/h3>\n                                    \n                                      <p class=\"slide-subtitle\">Nordenski\u00f6ld Lodge og Isfjord Radio<\/p>\n                                  <\/div>\n                          \n                          <\/a>\n                      <\/div>\n\n        \n      \n    <\/div>\n\n    <!-- Scrollbar + Placeholder (matches your layout) -->\n    <div class=\"carousel-controls-row container\">\n      <div class=\"carousel-controls-placeholder\"><\/div>\n      <div class=\"swiper-scrollbar\"><\/div>\n    <\/div>\n\n  <\/div>\n\n<\/section>\n\n\n\n<section class=\"adventure-svalbard black-theme\" style=\"background-color: rgba(247, 247, 247, 1);\">\n  \n      <div class=\"adventure-overlay-image\">\n      <img decoding=\"async\" src=\"https:\/\/stg-basecampexplorer.kwrk.in\/wp-content\/uploads\/2025\/12\/BES-illustrasjoner-topografi-morkebla\u030a_Nordenskiold-Lodge-uten-hav.png\" alt=\"Overlay\">\n    <\/div>\n    \n  <div class=\"container\">\n      <h2>Vinter p\u00e5 Svalbard<\/h2>\n\n      <div class=\"adventure-svalbard-grid\">\n\n        <div class=\"adventure-image-large\">\n          <img decoding=\"async\" src=\"https:\/\/stg-basecampexplorer.kwrk.in\/wp-content\/uploads\/2025\/12\/53b49c1ac1308fb01a67a3d7f11b5fcf005dfca1.jpg\" alt=\"\">\n        <\/div>\n\n        <div class=\"adventure-image-small\">\n          <img decoding=\"async\" src=\"https:\/\/stg-basecampexplorer.kwrk.in\/wp-content\/uploads\/2025\/12\/Rectangle-46.jpg\" alt=\"\">\n        <\/div>\n\n        <div class=\"adventure-content\">\n          <div class=\"adventure-right-top\">\n            <div class=\"adventure-text\">\n              <p>Vinteren p\u00e5 Svalbard er en \u00e5rstid med en sterk skj\u00f8nnhet, der sn\u00f8en dekker landskapet og stillheten blir dypere for hver frostkledde fjord og frosne dal. Fra sn\u00f8scooterturer i villmarken til sledehundturer og nordlysjakt om kvelden - den arktiske vinteren byr p\u00e5 en sjelden og uforglemmelig m\u00e5te \u00e5 utforske nordomr\u00e5dene p\u00e5.<\/p>\n            <\/div>\n\n                        <a class=\"adventure-cta\" href=\"https:\/\/stg-basecampexplorer.kwrk.in\/nb\/winter\/\">\n              Utforsk n\u00e5 \u2192\n            <\/a>\n                      <\/div>\n\n          <div class=\"adventure-map\">\n            <img decoding=\"async\" src=\"https:\/\/stg-basecampexplorer.kwrk.in\/wp-content\/uploads\/2025\/12\/BES-illustrasjoner-morkebla_Bal-1-1.svg\" alt=\"\">\n          <\/div>\n        <\/div>\n\n      <\/div>\n  <\/div>\n<\/section>\n\n\n\n<div class=\"wp-block-group has-background\" style=\"background-color:#f7f7f7\"><div class=\"wp-block-group__inner-container is-layout-constrained wp-block-group-is-layout-constrained\">\n<section class=\"image-carousel-section black-theme\" style=\"background-color: #f7f7f7;\">\n\n  <!-- Heading + Controls -->\n  <div class=\"carousel-heading-row container\">\n    \n    <div class=\"carousel-head\">\n      <h1>Kuraterte vintereventyr<\/h1>\n    <\/div>\n\n    <div class=\"carousel-heading-controls\">\n      <div class=\"carousel-controller\">\n        <button class=\"carousel-prev\" aria-label=\"tidligere\">\n          <i class=\"bi bi-arrow-left-short\"><\/i>\n        <\/button>\n\n        <button class=\"carousel-next\" aria-label=\"neste\">\n          <i class=\"bi bi-arrow-right-short\"><\/i>\n        <\/button>\n      <\/div>\n    <\/div>\n\n  <\/div>\n\n\n  <!-- Swiper -->\n  <div class=\"image-carousel-swiper swiper\">\n    <div class=\"swiper-wrapper\">\n\n              \n                  \n          <div class=\"swiper-slide\">\n                          <a href=\"https:\/\/stg-basecampexplorer.kwrk.in\/nb\/boundaries-beyond\/\" class=\"carousel-image-card\">\n                          \n                              <img decoding=\"async\" \n                  src=\"https:\/\/stg-basecampexplorer.kwrk.in\/wp-content\/uploads\/2025\/12\/Rectangle-10-2.png\" \n                  alt=\"Carousel Image\" \n                  loading=\"lazy\"\n                >\n                            \n                              <div class=\"carousel-text-overlay\">\n                                      <h3 class=\"slide-title\">Grenser utover<\/h3>\n                                    \n                                      <p class=\"slide-subtitle\">Isfjord Radio<\/p>\n                                  <\/div>\n                          \n                          <\/a>\n                      <\/div>\n\n                  \n          <div class=\"swiper-slide\">\n                          <a href=\"https:\/\/stg-basecampexplorer.kwrk.in\/nb\/the-glacier-odyssey\/\" class=\"carousel-image-card\">\n                          \n                              <img decoding=\"async\" \n                  src=\"https:\/\/stg-basecampexplorer.kwrk.in\/wp-content\/uploads\/2025\/12\/Rectangle-10-3.jpg\" \n                  alt=\"Carousel Image\" \n                  loading=\"lazy\"\n                >\n                            \n                              <div class=\"carousel-text-overlay\">\n                                      <h3 class=\"slide-title\">En odyss\u00e9 p\u00e5 isbreen<\/h3>\n                                    \n                                      <p class=\"slide-subtitle\">Nordenski\u00f6ld Lodge<\/p>\n                                  <\/div>\n                          \n                          <\/a>\n                      <\/div>\n\n                  \n          <div class=\"swiper-slide\">\n                          <a href=\"https:\/\/stg-basecampexplorer.kwrk.in\/nb\/trappers-trail\/\" class=\"carousel-image-card\">\n                          \n                              <img decoding=\"async\" \n                  src=\"https:\/\/stg-basecampexplorer.kwrk.in\/wp-content\/uploads\/2025\/12\/Rectangle-10-4.jpg\" \n                  alt=\"Carousel Image\" \n                  loading=\"lazy\"\n                >\n                            \n                              <div class=\"carousel-text-overlay\">\n                                      <h3 class=\"slide-title\">Trapper's Trail<\/h3>\n                                    \n                                      <p class=\"slide-subtitle\">Hundekj\u00f8ring<\/p>\n                                  <\/div>\n                          \n                          <\/a>\n                      <\/div>\n\n                  \n          <div class=\"swiper-slide\">\n                          <a href=\"https:\/\/stg-basecampexplorer.kwrk.in\/nb\/telegraph-route\/\" class=\"carousel-image-card\">\n                          \n                              <img decoding=\"async\" \n                  src=\"https:\/\/stg-basecampexplorer.kwrk.in\/wp-content\/uploads\/2026\/01\/file250507-basecamp-shakleton149-1920x1080-1.jpg\" \n                  alt=\"Carousel Image\" \n                  loading=\"lazy\"\n                >\n                            \n                              <div class=\"carousel-text-overlay\">\n                                      <h3 class=\"slide-title\">Telegrafruten<\/h3>\n                                    \n                                      <p class=\"slide-subtitle\">Isfjord Radio<\/p>\n                                  <\/div>\n                          \n                          <\/a>\n                      <\/div>\n\n                  \n          <div class=\"swiper-slide\">\n                          <a href=\"https:\/\/stg-basecampexplorer.kwrk.in\/nb\/chasing-the-northern-lights\/\" class=\"carousel-image-card\">\n                          \n                              <img decoding=\"async\" \n                  src=\"https:\/\/stg-basecampexplorer.kwrk.in\/wp-content\/uploads\/2026\/01\/northernlights_spitsbergen_kirstiikonen1-1920x1080-1.jpg\" \n                  alt=\"Carousel Image\" \n                  loading=\"lazy\"\n                >\n                            \n                              <div class=\"carousel-text-overlay\">\n                                      <h3 class=\"slide-title\">P\u00e5 jakt etter nordlyset<\/h3>\n                                    \n                                      <p class=\"slide-subtitle\">Longyearbyen<\/p>\n                                  <\/div>\n                          \n                          <\/a>\n                      <\/div>\n\n        \n      \n    <\/div>\n\n    <!-- Scrollbar + Placeholder (matches your layout) -->\n    <div class=\"carousel-controls-row container\">\n      <div class=\"carousel-controls-placeholder\"><\/div>\n      <div class=\"swiper-scrollbar\"><\/div>\n    <\/div>\n\n  <\/div>\n\n<\/section>\n<\/div><\/div>\n\n\n\n<section class=\"adventure-svalbard white-theme\" style=\"background-color: #021721;\">\n  \n      <div class=\"adventure-overlay-image\">\n      <img decoding=\"async\" src=\"https:\/\/stg-basecampexplorer.kwrk.in\/wp-content\/uploads\/2025\/12\/BES-illustrasjoner-topografi-morkebla\u030a_Nordenskiold-Lodge-uten-hav.png\" alt=\"Overlay\">\n    <\/div>\n    \n  <div class=\"container\">\n      <h2>Polarnatt<\/h2>\n\n      <div class=\"adventure-svalbard-grid\">\n\n        <div class=\"adventure-image-large\">\n          <img decoding=\"async\" src=\"https:\/\/stg-basecampexplorer.kwrk.in\/wp-content\/uploads\/2026\/01\/21f24718e6b1e924d9f470a98a13a82fe40b5110.jpg\" alt=\"\">\n        <\/div>\n\n        <div class=\"adventure-image-small\">\n          <img decoding=\"async\" src=\"https:\/\/stg-basecampexplorer.kwrk.in\/wp-content\/uploads\/2026\/01\/b07f3d835b3b85104ad70a4b2c7b5e2ee39e37f4.jpg\" alt=\"\">\n        <\/div>\n\n        <div class=\"adventure-content\">\n          <div class=\"adventure-right-top\">\n            <div class=\"adventure-text\">\n              <p>Under polarnatten forvandles Arktis til en verden av tussm\u00f8rke, stjerner og dansende nordlys - en tid da stillheten blir sitt eget skue. Bli med ekspertguider p\u00e5 oppdagelsesferd utenfor byens lys, og oppdag mysteriet og magien i Svalbards m\u00f8rkeste \u00e5rstid n\u00e5r himmelen blir levende over deg.<\/p>\n            <\/div>\n\n                      <\/div>\n\n          <div class=\"adventure-map\">\n            <img decoding=\"async\" src=\"https:\/\/stg-basecampexplorer.kwrk.in\/wp-content\/uploads\/2025\/12\/BES-illustrasjoner-morkebla_Tursko-1.svg\" alt=\"\">\n          <\/div>\n        <\/div>\n\n      <\/div>\n  <\/div>\n<\/section>\n\n\n\n<div class=\"wp-block-group has-background\" style=\"background-color:#021721\"><div class=\"wp-block-group__inner-container is-layout-constrained wp-block-group-is-layout-constrained\">\n<section class=\"image-carousel-section white-theme\" style=\"background-color: #021721;\">\n\n  <!-- Heading + Controls -->\n  <div class=\"carousel-heading-row container\">\n    \n    <div class=\"carousel-head\">\n      <h1>Kuraterte polarnatteventyr<\/h1>\n    <\/div>\n\n    <div class=\"carousel-heading-controls\">\n      <div class=\"carousel-controller\">\n        <button class=\"carousel-prev\" aria-label=\"tidligere\">\n          <i class=\"bi bi-arrow-left-short\"><\/i>\n        <\/button>\n\n        <button class=\"carousel-next\" aria-label=\"neste\">\n          <i class=\"bi bi-arrow-right-short\"><\/i>\n        <\/button>\n      <\/div>\n    <\/div>\n\n  <\/div>\n\n\n  <!-- Swiper -->\n  <div class=\"image-carousel-swiper swiper\">\n    <div class=\"swiper-wrapper\">\n\n              \n                  \n          <div class=\"swiper-slide\">\n                          <a href=\"https:\/\/stg-basecampexplorer.kwrk.in\/nb\/remote-horizons\/\" class=\"carousel-image-card\">\n                          \n                              <img decoding=\"async\" \n                  src=\"https:\/\/stg-basecampexplorer.kwrk.in\/wp-content\/uploads\/2025\/12\/86942eebabe95ec632b269e286cc57eb8fd36eaf.png\" \n                  alt=\"Carousel Image\" \n                  loading=\"lazy\"\n                >\n                            \n                              <div class=\"carousel-text-overlay\">\n                                      <h3 class=\"slide-title\">Fjerne horisonter<\/h3>\n                                    \n                                      <p class=\"slide-subtitle\">Isfjord Radio<\/p>\n                                  <\/div>\n                          \n                          <\/a>\n                      <\/div>\n\n                  \n          <div class=\"swiper-slide\">\n                          <a href=\"https:\/\/stg-basecampexplorer.kwrk.in\/nb\/unfold-the-north\/\" class=\"carousel-image-card\">\n                          \n                              <img decoding=\"async\" \n                  src=\"https:\/\/stg-basecampexplorer.kwrk.in\/wp-content\/uploads\/2025\/12\/2198c7ee8007717124590b141479ec00cea32848.png\" \n                  alt=\"Carousel Image\" \n                  loading=\"lazy\"\n                >\n                            \n                              <div class=\"carousel-text-overlay\">\n                                      <h3 class=\"slide-title\">Fold ut nordomr\u00e5dene<\/h3>\n                                    \n                                      <p class=\"slide-subtitle\">Nordenski\u00f6ld Lodge<\/p>\n                                  <\/div>\n                          \n                          <\/a>\n                      <\/div>\n\n                  \n          <div class=\"swiper-slide\">\n                          <a href=\"https:\/\/stg-basecampexplorer.kwrk.in\/nb\/signature-adventure\/\" class=\"carousel-image-card\">\n                          \n                              <img decoding=\"async\" \n                  src=\"https:\/\/stg-basecampexplorer.kwrk.in\/wp-content\/uploads\/2025\/12\/fcc377ed9f46cdd41a4487f4bd878244420af530.png\" \n                  alt=\"Carousel Image\" \n                  loading=\"lazy\"\n                >\n                            \n                              <div class=\"carousel-text-overlay\">\n                                      <h3 class=\"slide-title\">Signatureventyr<\/h3>\n                                    \n                                      <p class=\"slide-subtitle\">Gjennom Nordenski\u00f6ld Land<\/p>\n                                  <\/div>\n                          \n                          <\/a>\n                      <\/div>\n\n                  \n          <div class=\"swiper-slide\">\n                          <a href=\"https:\/\/stg-basecampexplorer.kwrk.in\/nb\/unfold-the-north\/\" class=\"carousel-image-card\">\n                          \n                              <img decoding=\"async\" \n                  src=\"https:\/\/stg-basecampexplorer.kwrk.in\/wp-content\/uploads\/2025\/12\/d4473bbd18f61c2ce3f5f929fe589f4d31c1bbfc.png\" \n                  alt=\"Carousel Image\" \n                  loading=\"lazy\"\n                >\n                            \n                              <div class=\"carousel-text-overlay\">\n                                      <h3 class=\"slide-title\">Fold ut nordomr\u00e5dene<\/h3>\n                                    \n                                      <p class=\"slide-subtitle\">Nordenski\u00f6ld Lodge<\/p>\n                                  <\/div>\n                          \n                          <\/a>\n                      <\/div>\n\n        \n      \n    <\/div>\n\n    <!-- Scrollbar + Placeholder (matches your layout) -->\n    <div class=\"carousel-controls-row container\">\n      <div class=\"carousel-controls-placeholder\"><\/div>\n      <div class=\"swiper-scrollbar\"><\/div>\n    <\/div>\n\n  <\/div>\n\n<\/section>\n<\/div><\/div>","protected":false},"excerpt":{"rendered":"","protected":false},"author":1,"featured_media":0,"parent":0,"menu_order":0,"comment_status":"closed","ping_status":"closed","template":"","meta":{"_acf_changed":false,"footnotes":""},"class_list":["post-596","page","type-page","status-publish","hentry"],"acf":[],"_links":{"self":[{"href":"https:\/\/stg-basecampexplorer.kwrk.in\/nb\/wp-json\/wp\/v2\/pages\/596","targetHints":{"allow":["GET"]}}],"collection":[{"href":"https:\/\/stg-basecampexplorer.kwrk.in\/nb\/wp-json\/wp\/v2\/pages"}],"about":[{"href":"https:\/\/stg-basecampexplorer.kwrk.in\/nb\/wp-json\/wp\/v2\/types\/page"}],"author":[{"embeddable":true,"href":"https:\/\/stg-basecampexplorer.kwrk.in\/nb\/wp-json\/wp\/v2\/users\/1"}],"replies":[{"embeddable":true,"href":"https:\/\/stg-basecampexplorer.kwrk.in\/nb\/wp-json\/wp\/v2\/comments?post=596"}],"version-history":[{"count":38,"href":"https:\/\/stg-basecampexplorer.kwrk.in\/nb\/wp-json\/wp\/v2\/pages\/596\/revisions"}],"predecessor-version":[{"id":1878,"href":"https:\/\/stg-basecampexplorer.kwrk.in\/nb\/wp-json\/wp\/v2\/pages\/596\/revisions\/1878"}],"wp:attachment":[{"href":"https:\/\/stg-basecampexplorer.kwrk.in\/nb\/wp-json\/wp\/v2\/media?parent=596"}],"curies":[{"name":"wp","href":"https:\/\/api.w.org\/{rel}","templated":true}]}}