{"id":572,"date":"2025-12-22T08:55:42","date_gmt":"2025-12-22T08:55:42","guid":{"rendered":"http:\/\/localhost\/basecamp_explorer\/?page_id=572"},"modified":"2026-01-20T08:51:43","modified_gmt":"2026-01-20T08:51:43","slug":"summer","status":"publish","type":"page","link":"https:\/\/stg-basecampexplorer.kwrk.in\/nb\/summer\/","title":{"rendered":"Sommer"},"content":{"rendered":"<section class=\"hero-reusable\" data-height=\"100vh\">\n      <!-- Image Background -->\n    <div class=\"hero-reusable-bg\" style=\"background-image: url('https:\/\/stg-basecampexplorer.kwrk.in\/wp-content\/uploads\/2025\/12\/760dbbb26b86e8868a45beeee09896398f608b68-scaled.jpg');\"><\/div>\n  \n  <div class=\"hero-reusable-overlay\"><\/div>\n\n  <div class=\"container hero-reusable-content text-center\">\n          <p class=\"hero-reusable-sub\">Sommer<\/p>\n        \n          <div class=\"hero-reusable-title\">\n        <p>Fantastiske eventyr<\/p>\n      <\/div>\n      <\/div>\n<\/section>\n\n\n\n<section class=\"text-image-block\" data-layout=\"image-right\" style=\"--decorative-line-url: url(https:\/\/stg-basecampexplorer.kwrk.in\/wp-content\/uploads\/2025\/12\/new-Vector-6.png);\">\n  <div class=\"container ti-container\">\n\n    <div class=\"ti-image has-decorative-line\">\n              <img decoding=\"async\" \n          src=\"https:\/\/stg-basecampexplorer.kwrk.in\/wp-content\/uploads\/2026\/01\/Rectangle-21.jpg\" \n          alt=\"\" \n          loading=\"lazy\"\n        \/>\n          <\/div>\n\n    <div class=\"ti-text\">\n              <h1>Utforsk Svalbard under midnattssolen<\/h1>\n      \n              <div class=\"ti-content\">\n          <p>Sommeren p\u00e5 Svalbard er kort, men intens. N\u00e5r det er dagslys d\u00f8gnet rundt, forandrer landskapet seg dramatisk - isbreene gl\u00f8der bl\u00e5tt, dalene \u00e5pner seg for utforskning, og dyrelivet trives langs kysten. Midnattssolen forvandler Arktis til en verden der tiden strekker seg og inviterer til endel\u00f8se eventyr.<\/p>\n        <\/div>\n          <\/div>\n\n  <\/div>\n<\/section>\n\n\n\n<section class=\"text-image-block\" data-layout=\"image-left\" style=\"--decorative-line-url: url(https:\/\/stg-basecampexplorer.kwrk.in\/wp-content\/uploads\/2025\/12\/Vectorsss-6.png);\">\n  <div class=\"container ti-container\">\n\n    <div class=\"ti-image has-decorative-line\">\n              <img decoding=\"async\" \n          src=\"https:\/\/stg-basecampexplorer.kwrk.in\/wp-content\/uploads\/2026\/01\/96550692a2f0e025a385d2f1e87fc8edef4f23da.jpg\" \n          alt=\"\" \n          loading=\"lazy\"\n        \/>\n          <\/div>\n\n    <div class=\"ti-text\">\n              <h1>En sesong for m\u00f8ter med ville dyr<\/h1>\n      \n              <div class=\"ti-content\">\n          <p>Dette er livets \u00e5rstid p\u00e5 Svalbard. Fugleklippene syder av aktivitet, hvalrossene ligger p\u00e5 avsidesliggende strender, og fjellrevene streifer rundt p\u00e5 tundraen. N\u00e5r havisen trekker seg tilbake, kan du utforske rike kyst\u00f8kosystemer med b\u00e5t og oppleve naturen p\u00e5 sitt mest aktive.<\/p>\n        <\/div>\n          <\/div>\n\n  <\/div>\n<\/section>\n\n\n\n<section class=\"text-image-block\" data-layout=\"image-right\" style=\"--decorative-line-url: url(https:\/\/stg-basecampexplorer.kwrk.in\/wp-content\/uploads\/2025\/12\/Vector-6.png);\">\n  <div class=\"container ti-container\">\n\n    <div class=\"ti-image has-decorative-line\">\n              <img decoding=\"async\" \n          src=\"https:\/\/stg-basecampexplorer.kwrk.in\/wp-content\/uploads\/2026\/01\/1715f4d019692b8c47b90d12de5c5cb7f1382068-1.jpg\" \n          alt=\"\" \n          loading=\"lazy\"\n        \/>\n          <\/div>\n\n    <div class=\"ti-text\">\n              <h1>En sesong for m\u00f8ter med ville dyr<\/h1>\n      \n              <div class=\"ti-content\">\n          <p>Isfrie fjorder avsl\u00f8rer skjulte hj\u00f8rner av \u00f8ygruppen - steder som bare er tilgjengelige om sommeren. Her lever historien videre i forlatte fangststasjoner og gamle gruvebosetninger, som hver for seg forteller en historie om utforskning og motstandsdyktighet i det h\u00f8ye Arktis.<\/p>\n        <\/div>\n          <\/div>\n\n  <\/div>\n<\/section>\n\n\n\n<section class=\"text-image-block\" data-layout=\"image-left\">\n  <div class=\"container ti-container\">\n\n    <div class=\"ti-image\">\n              <img decoding=\"async\" \n          src=\"https:\/\/stg-basecampexplorer.kwrk.in\/wp-content\/uploads\/2026\/01\/1a36857992aa70856892033f84783ad8c13f0d59.jpg\" \n          alt=\"\" \n          loading=\"lazy\"\n        \/>\n          <\/div>\n\n    <div class=\"ti-text\">\n              <h1>Den perfekte \u00e5rstiden for \u00e5 reise utenfor allfarvei<\/h1>\n      \n              <div class=\"ti-content\">\n          <p>Enten det er til fots eller med b\u00e5t, byr sommeren p\u00e5 utallige m\u00e5ter \u00e5 oppdage Svalbards uber\u00f8rte villmark p\u00e5. Fra rolige kystvandringer til dype fjordturer - dette er den ideelle \u00e5rstiden for \u00e5 komme i kontakt med den r\u00e5 skj\u00f8nnheten i regionen p\u00e5 en mer intim m\u00e5te, i et langsommere tempo.<\/p>\n        <\/div>\n          <\/div>\n\n  <\/div>\n<\/section>\n\n\n\n<div class=\"wp-block-group has-background\" style=\"background-color:#f7f7f7\"><div class=\"wp-block-group__inner-container is-layout-constrained wp-block-group-is-layout-constrained\">\n<section class=\"image-carousel-section black-theme\" style=\"background-color: #f7f7f7;\">\n\n  <!-- Heading + Controls -->\n  <div class=\"carousel-heading-row container\">\n    \n    <div class=\"carousel-head\">\n      <h1>Utenfor allfarvei<\/h1>\n    <\/div>\n\n    <div class=\"carousel-heading-controls\">\n      <div class=\"carousel-controller\">\n        <button class=\"carousel-prev\" aria-label=\"tidligere\">\n          <i class=\"bi bi-arrow-left-short\"><\/i>\n        <\/button>\n\n        <button class=\"carousel-next\" aria-label=\"neste\">\n          <i class=\"bi bi-arrow-right-short\"><\/i>\n        <\/button>\n      <\/div>\n    <\/div>\n\n  <\/div>\n\n\n  <!-- Swiper -->\n  <div class=\"image-carousel-swiper swiper\">\n    <div class=\"swiper-wrapper\">\n\n              \n                  \n          <div class=\"swiper-slide\">\n                          <a href=\"https:\/\/stg-basecampexplorer.kwrk.in\/nb\/remote-horizons\/\" class=\"carousel-image-card\">\n                          \n                              <img decoding=\"async\" \n                  src=\"https:\/\/stg-basecampexplorer.kwrk.in\/wp-content\/uploads\/2025\/12\/86942eebabe95ec632b269e286cc57eb8fd36eaf.png\" \n                  alt=\"Carousel Image\" \n                  loading=\"lazy\"\n                >\n                            \n                              <div class=\"carousel-text-overlay\">\n                                      <h3 class=\"slide-title\">Fjerne horisonter<\/h3>\n                                    \n                                      <p class=\"slide-subtitle\">Isfjord Radio<\/p>\n                                  <\/div>\n                          \n                          <\/a>\n                      <\/div>\n\n                  \n          <div class=\"swiper-slide\">\n                          <a href=\"https:\/\/stg-basecampexplorer.kwrk.in\/nb\/unfold-the-north\/\" class=\"carousel-image-card\">\n                          \n                              <img decoding=\"async\" \n                  src=\"https:\/\/stg-basecampexplorer.kwrk.in\/wp-content\/uploads\/2025\/12\/2198c7ee8007717124590b141479ec00cea32848.png\" \n                  alt=\"Carousel Image\" \n                  loading=\"lazy\"\n                >\n                            \n                              <div class=\"carousel-text-overlay\">\n                                      <h3 class=\"slide-title\">Fold ut nordomr\u00e5dene<\/h3>\n                                    \n                                      <p class=\"slide-subtitle\">Nordenski\u00f6ld Lodge<\/p>\n                                  <\/div>\n                          \n                          <\/a>\n                      <\/div>\n\n                  \n          <div class=\"swiper-slide\">\n                          <a href=\"https:\/\/stg-basecampexplorer.kwrk.in\/nb\/traverse-nordenskiold-land\/\" class=\"carousel-image-card\">\n                          \n                              <img decoding=\"async\" \n                  src=\"https:\/\/stg-basecampexplorer.kwrk.in\/wp-content\/uploads\/2025\/12\/fcc377ed9f46cdd41a4487f4bd878244420af530.png\" \n                  alt=\"Carousel Image\" \n                  loading=\"lazy\"\n                >\n                            \n                              <div class=\"carousel-text-overlay\">\n                                      <h3 class=\"slide-title\">Kryss Nordenski\u00f6ld land<\/h3>\n                                    \n                                      <p class=\"slide-subtitle\">sfjord Radio<\/p>\n                                  <\/div>\n                          \n                          <\/a>\n                      <\/div>\n\n                  \n          <div class=\"swiper-slide\">\n                          <a href=\"https:\/\/stg-basecampexplorer.kwrk.in\/nb\/uncharted-circuit\/\" class=\"carousel-image-card\">\n                          \n                              <img decoding=\"async\" \n                  src=\"https:\/\/stg-basecampexplorer.kwrk.in\/wp-content\/uploads\/2025\/12\/d4473bbd18f61c2ce3f5f929fe589f4d31c1bbfc.png\" \n                  alt=\"Carousel Image\" \n                  loading=\"lazy\"\n                >\n                            \n                              <div class=\"carousel-text-overlay\">\n                                      <h3 class=\"slide-title\">Uncharted Circuit<\/h3>\n                                    \n                                      <p class=\"slide-subtitle\">Nordenski\u00f6ld Lodge og Isfjord Radio<\/p>\n                                  <\/div>\n                          \n                          <\/a>\n                      <\/div>\n\n        \n      \n    <\/div>\n\n    <!-- Scrollbar + Placeholder (matches your layout) -->\n    <div class=\"carousel-controls-row container\">\n      <div class=\"carousel-controls-placeholder\"><\/div>\n      <div class=\"swiper-scrollbar\"><\/div>\n    <\/div>\n\n  <\/div>\n\n<\/section>\n<\/div><\/div>\n\n\n\n<section class=\"journey-grid-section\" style=\"background-color: rgba(251, 250, 238, 1); background-image: url('https:\/\/stg-basecampexplorer.kwrk.in\/wp-content\/uploads\/2025\/12\/BES-illustrasjoner-topografi-morkebla\u030a_Basecamp-Hotell-Longyearbyen-uten-hav-1-1.png'), url('https:\/\/stg-basecampexplorer.kwrk.in\/wp-content\/uploads\/2025\/12\/BES-illustrasjoner-topografi-morkebla\u030a_Nordenskiold-Lodge-uten-hav-1.png');\">\n    <div class=\"container\">\n        <div class=\"journey-grid-content\">\n                            <h2 class=\"journey-grid-heading\">Klar til \u00e5 planlegge sommerreisen?<\/h2>\n                        \n                            <p class=\"journey-grid-description\">La oss hjelpe deg med \u00e5 skape et uforglemmelig arktisk eventyr skreddersydd til din stil.<\/p>\n                        \n                            <a href=\"#\" class=\"journey-grid-btn\">Foresp\u00f8r n\u00e5<\/a>\n                    <\/div>\n\n        <div class=\"journey-grid\">\n                            <div class=\"journey-grid-item journey-grid-item--left\">\n                    <img decoding=\"async\" src=\"https:\/\/stg-basecampexplorer.kwrk.in\/wp-content\/uploads\/2025\/12\/aa3b3595586f7712a360d01ae0a410dc909ef9e9-1-scaled.jpg\" alt=\"Mountain\" \/>\n                <\/div>\n            \n            <div class=\"journey-grid-col\">\n                                    <div class=\"journey-grid-item journey-grid-item--top\">\n                        <img decoding=\"async\" src=\"https:\/\/stg-basecampexplorer.kwrk.in\/wp-content\/uploads\/2025\/12\/1715f4d019692b8c47b90d12de5c5cb7f1382068-scaled.jpg\" alt=\"Mountains\" \/>\n                    <\/div>\n                                \n                                    <div class=\"journey-grid-item journey-grid-item--bottom\">\n                        <img decoding=\"async\" src=\"https:\/\/stg-basecampexplorer.kwrk.in\/wp-content\/uploads\/2025\/12\/5f140bd7f2e59c0942fa5585bff1be045310dcdf-scaled.jpg\" alt=\"Cabin\" \/>\n                    <\/div>\n                            <\/div>\n\n                            <div class=\"journey-grid-item journey-grid-item--right\">\n                    <img decoding=\"async\" src=\"https:\/\/stg-basecampexplorer.kwrk.in\/wp-content\/uploads\/2025\/12\/dec30891791874c914d27487b9a0a6bd0234ee66-scaled.jpg\" alt=\"Hiker\" \/>\n                <\/div>\n                    <\/div>\n    <\/div>\n<\/section>","protected":false},"excerpt":{"rendered":"","protected":false},"author":1,"featured_media":0,"parent":0,"menu_order":0,"comment_status":"closed","ping_status":"closed","template":"","meta":{"_acf_changed":false,"footnotes":""},"class_list":["post-572","page","type-page","status-publish","hentry"],"acf":[],"_links":{"self":[{"href":"https:\/\/stg-basecampexplorer.kwrk.in\/nb\/wp-json\/wp\/v2\/pages\/572","targetHints":{"allow":["GET"]}}],"collection":[{"href":"https:\/\/stg-basecampexplorer.kwrk.in\/nb\/wp-json\/wp\/v2\/pages"}],"about":[{"href":"https:\/\/stg-basecampexplorer.kwrk.in\/nb\/wp-json\/wp\/v2\/types\/page"}],"author":[{"embeddable":true,"href":"https:\/\/stg-basecampexplorer.kwrk.in\/nb\/wp-json\/wp\/v2\/users\/1"}],"replies":[{"embeddable":true,"href":"https:\/\/stg-basecampexplorer.kwrk.in\/nb\/wp-json\/wp\/v2\/comments?post=572"}],"version-history":[{"count":21,"href":"https:\/\/stg-basecampexplorer.kwrk.in\/nb\/wp-json\/wp\/v2\/pages\/572\/revisions"}],"predecessor-version":[{"id":1678,"href":"https:\/\/stg-basecampexplorer.kwrk.in\/nb\/wp-json\/wp\/v2\/pages\/572\/revisions\/1678"}],"wp:attachment":[{"href":"https:\/\/stg-basecampexplorer.kwrk.in\/nb\/wp-json\/wp\/v2\/media?parent=572"}],"curies":[{"name":"wp","href":"https:\/\/api.w.org\/{rel}","templated":true}]}}