{"id":3,"date":"2025-11-17T05:14:15","date_gmt":"2025-11-17T05:14:15","guid":{"rendered":"http:\/\/localhost\/basecamp_explorer\/?page_id=3"},"modified":"2026-01-22T06:39:43","modified_gmt":"2026-01-22T06:39:43","slug":"privacy-policy","status":"publish","type":"page","link":"https:\/\/stg-basecampexplorer.kwrk.in\/nb\/privacy-policy\/","title":{"rendered":"Retningslinjer for personvern"},"content":{"rendered":"<div class=\"wp-block-cover\"><span aria-hidden=\"true\" class=\"wp-block-cover__background has-background-dim-100 has-background-dim\" style=\"background-color:#22576e\"><\/span><div class=\"wp-block-cover__inner-container is-layout-constrained wp-block-cover-is-layout-constrained\">\n<h1 class=\"wp-block-heading has-text-align-center\" style=\"font-size:64px\">Retningslinjer for personvern<\/h1>\n<\/div><\/div>\n\n\n\n<div style=\"height:100px\" aria-hidden=\"true\" class=\"wp-block-spacer\"><\/div>\n\n\n\n<h1 class=\"wp-block-heading\">V\u00e5re retningslinjer for personvern<\/h1>\n\n\n\n<p>Personopplysningsloven (523\/1999) 10\u00a7 og 24\u00a7 &amp; GDPR (679\/2016) artikkel 13, 14 og 30<\/p>\n\n\n\n<h3 class=\"wp-block-heading\">1) KONTROLLER<\/h3>\n\n\n\n<p>Navn  Basecamp Explorer AS<br>Virksomhets-ID: 979 581 297<br>Adresse: Mustads Vei 10 Mustads Vei 10, 0283 Oslo, Norge<\/p>\n\n\n\n<p>I denne personvernerkl\u00e6ringen kan den behandlingsansvarlige ogs\u00e5 bli referert til som \u201cvi\u201d.<\/p>\n\n\n\n<h3 class=\"wp-block-heading\">2) PERSON MED ANSVAR FOR DATAFILER<\/h3>\n\n\n\n<p>Navn Brita Knutsen Dahl<br>E-post: brita@basecampexplorer.com<\/p>\n\n\n\n<h3 class=\"wp-block-heading\">3) KATEGORIER AV REGISTRERTE<\/h3>\n\n\n\n<p>Basecamp Explorers personvernerkl\u00e6ring gjelder for f\u00f8lgende kategorier av registrerte:<\/p>\n\n\n\n<p>3.1) personer som er ansatt i Basecamp Explorer AS eller s\u00f8ker arbeid hos Basecamp Explorer AS;<\/p>\n\n\n\n<p>3.2) andre personer som kontakter Basecamp Explorer AS via e-post eller nettside eller p\u00e5 annen m\u00e5te.<\/p>\n\n\n\n<p>I denne personvernerkl\u00e6ringen kan de registrerte ogs\u00e5 bli omtalt som \u201cdu\u201d.<\/p>\n\n\n\n<h3 class=\"wp-block-heading\">4) KATEGORIER AV PERSONOPPLYSNINGER<\/h3>\n\n\n\n<p>Datafilene som gjelder de registrerte i punkt 3.1 og 3.2, kan inneholde f\u00f8lgende kategorier av personopplysninger:<\/p>\n\n\n\n<ul class=\"wp-block-list\">\n<li>kontaktinformasjon, for eksempel fullt navn, adresse, telefonnummer og e-postadresser;<\/li>\n\n\n\n<li>data om enheten din, for eksempel informasjon om enheten du bruker: type enhet, IP-adresse og ulike diagnostiske data; og<\/li>\n\n\n\n<li>eventuell annen informasjon som er innhentet med den registrertes samtykke.<\/li>\n<\/ul>\n\n\n\n<p>Datafilene som gjelder de registrerte i punkt 3.1 og 3.2, kan ogs\u00e5 inneholde f\u00f8lgende kategorier av personopplysninger:<\/p>\n\n\n\n<ul class=\"wp-block-list\">\n<li>brukerinformasjon, for eksempel brukernavn, passord og annen unik identifikasjon, s\u00f8keinformasjon og annen informasjon om din bruk av tjenestene v\u00e5re;<\/li>\n\n\n\n<li>informasjon om kundeforholdet, for eksempel fakturerings- og betalingsinformasjon, produkt-, tjeneste- og bestillingsinformasjon, informasjon om tilbakemeldinger fra kunder, kontakter og avbestillinger;<\/li>\n<\/ul>\n\n\n\n<p>Datafilene som gjelder de registrerte i punkt 3.1 og 3.2, kan ogs\u00e5 inneholde f\u00f8lgende kategorier av personopplysninger:<\/p>\n\n\n\n<ul class=\"wp-block-list\">\n<li>personlige identifikasjonsnumre;<\/li>\n\n\n\n<li>nasjonalitet, alder, kj\u00f8nn, tittel eller yrke og morsm\u00e5l;<\/li>\n\n\n\n<li>arbeidsbakgrunn; og<\/li>\n\n\n\n<li>bankkontoopplysninger.<\/li>\n<\/ul>\n\n\n\n<h3 class=\"wp-block-heading\">5) FORM\u00c5LET MED BEHANDLINGEN AV PERSONOPPLYSNINGER<\/h3>\n\n\n\n<p>Personopplysningene til de registrerte i punktene 3.1 - 3.2 kan behandles for f\u00f8lgende form\u00e5l:<\/p>\n\n\n\n<ul class=\"wp-block-list\">\n<li>kundeservice;<\/li>\n\n\n\n<li>for \u00e5 forbedre brukeropplevelsen v\u00e5r;<\/li>\n\n\n\n<li>for \u00e5 gj\u00f8re det mulig for oss \u00e5 overholde v\u00e5re juridiske og regulatoriske forpliktelser; og<\/li>\n\n\n\n<li>analyse og statistikk.<\/li>\n<\/ul>\n\n\n\n<p>Personopplysningene til de registrerte i punkt 3.1 kan ogs\u00e5 h\u00e5ndteres for f\u00f8lgende form\u00e5l:<\/p>\n\n\n\n<ul class=\"wp-block-list\">\n<li>forvaltning og utvikling av kundeforholdet; og<\/li>\n\n\n\n<li>markedsf\u00f8ring, markedsunders\u00f8kelser og studier.<\/li>\n<\/ul>\n\n\n\n<p>Personopplysningene til de registrerte i punkt 3.2 kan ogs\u00e5 h\u00e5ndteres for f\u00f8lgende form\u00e5l:<\/p>\n\n\n\n<ul class=\"wp-block-list\">\n<li>ledelse og utvikling av forholdet mellom arbeidstaker og arbeidss\u00f8ker; og<\/li>\n\n\n\n<li>forvaltning av ansettelseskontrakter og andre relaterte forhold.<\/li>\n<\/ul>\n\n\n\n<p>Personopplysninger kan ogs\u00e5 behandles av Basecamp Explorer AS' eventuelle tilknyttede selskaper i henhold til personopplysningsloven, GDPR og personvernloven.<\/p>\n\n\n\n<h3 class=\"wp-block-heading\">6) RETTSLIG GRUNNLAG FOR BEHANDLING<\/h3>\n\n\n\n<p>Den behandlingsansvarlige har rett til \u00e5 behandle personopplysningene til de registrerte basert p\u00e5:<\/p>\n\n\n\n<ul class=\"wp-block-list\">\n<li>samtykke fra de registrerte;<\/li>\n\n\n\n<li>oppfyllelse av en kontrakt der den registrerte opptrer som kontaktperson for arrang\u00f8ren; eller<\/li>\n\n\n\n<li>rettslig forpliktelse som den behandlingsansvarlige er underlagt.<\/li>\n\n\n\n<li>for \u00e5 beskytte den registrertes eller en annen fysisk persons vitale interesser;<\/li>\n\n\n\n<li>utf\u00f8relse av en oppgave i allmennhetens interesse eller i forbindelse med ut\u00f8velse av offentlig myndighet som den behandlingsansvarlige er p\u00e5lagt;<\/li>\n\n\n\n<li>form\u00e5lene til de legitime interessene som forf\u00f8lges av den behandlingsansvarlige eller av en tredjepart, med mindre slike interesser overstyres av interessene eller de grunnleggende rettighetene og frihetene til de registrerte<\/li>\n<\/ul>\n\n\n\n<p>som krever beskyttelse av personopplysninger, s\u00e6rlig der den registrerte er et barn.<\/p>\n\n\n\n<h3 class=\"wp-block-heading\">7) REGELMESSIGE INFORMASJONSKILDER<\/h3>\n\n\n\n<p>Informasjon om de registrerte samles inn regelmessig:<\/p>\n\n\n\n<ul class=\"wp-block-list\">\n<li>fra de registrerte selv via telefon, internett, e-post eller p\u00e5 annen lignende m\u00e5te;<\/li>\n\n\n\n<li>med informasjonskapsler og annen lignende teknologi;<\/li>\n<\/ul>\n\n\n\n<h3 class=\"wp-block-heading\">8) PERIODEN PERSONOPPLYSNINGENE VIL BLI LAGRET<\/h3>\n\n\n\n<p>Den behandlingsansvarlige skal ikke lagre personopplysningene lenger enn det som er n\u00f8dvendig med tanke p\u00e5 form\u00e5let med behandlingen av personopplysningene. Hvis en arbeidss\u00f8ker ikke blir valgt til stillingen hun s\u00f8kte p\u00e5, skal vi ikke lagre noen opplysninger om henne uten hennes samtykke. Hvis vi ikke f\u00e5r hennes samtykke, sletter vi opplysningene hennes umiddelbart. Hvis hun gir oss sitt samtykke, kan vi lagre opplysningene hennes i seks (6) m\u00e5neder, og deretter vil vi destruere alle slike opplysninger. Den behandlingsansvarlige kontrollerer m\u00e5nedlig n\u00f8dvendigheten av de lagrede personopplysningene.<\/p>\n\n\n\n<h3 class=\"wp-block-heading\">9) KATEGORIER AV MOTTAKERE AV PERSONOPPLYSNINGER<\/h3>\n\n\n\n<p>Mottakerne av personopplysninger kan best\u00e5 av f\u00f8lgende kategorier:<\/p>\n\n\n\n<ul class=\"wp-block-list\">\n<li>Basecamp Explorers tilknyttede selskaper;<\/li>\n\n\n\n<li>tredjeparter som tilbyr skytjenester;<\/li>\n\n\n\n<li>tredjeparter som tilbyr regnskaps-, markedsf\u00f8rings- og revisjonstjenester;<\/li>\n\n\n\n<li>tredjeparter som hjelper Basecamp Explorer med \u00e5 oppfylle sine juridiske forpliktelser;<\/li>\n<\/ul>\n\n\n\n<p>og alle andre opplysninger enn opplysninger om den registrerte i punkt 3.1 kan utleveres med den registrertes samtykke til markedsf\u00f8ringsform\u00e5l i samsvar med personopplysningsloven og GDPR.<\/p>\n\n\n\n<h3 class=\"wp-block-heading\">10) REGELMESSIG UTLEVERING AV DATA OG INFORMASJONSOVERF\u00d8RING UTENFOR EU ELLER DET EUROPEISKE \u00d8KONOMISKE SAMARBEIDSOMR\u00c5DET<\/h3>\n\n\n\n<p>Opplysninger kan overf\u00f8res og lagres p\u00e5 en server utenfor EU eller Det europeiske \u00f8konomiske samarbeidsomr\u00e5det for \u00e5 behandles av den behandlingsansvarlige eller den behandlingsansvarliges datterselskap p\u00e5 vegne av den behandlingsansvarlige i samsvar med den finske personopplysningsloven, personvernforordningen og databeskyttelsesloven.<\/p>\n\n\n\n<h3 class=\"wp-block-heading\">11) DE REGISTRERTES RETTIGHETER<\/h3>\n\n\n\n<p>Den registrerte har rett til \u00e5 benytte seg av alle rettighetene som er nevnt nedenfor. Henvendelser vedr\u00f8rende rettighetene skal rettes til den registeransvarlige som er angitt i punkt 2. Den registrertes rettigheter kan f\u00f8rst tas i bruk n\u00e5r den registrerte er tilfredsstillende identifisert.<\/p>\n\n\n\n<h5 class=\"wp-block-heading\">Rett til inspeksjon<\/h5>\n\n\n\n<p>Etter \u00e5 ha fremlagt tilstrekkelig og n\u00f8dvendig informasjon, har den registrerte rett til \u00e5 f\u00e5 vite hvilke opplysninger den behandlingsansvarlige eventuelt har lagret om ham\/henne i dette registeret. Samtidig som den behandlingsansvarlige gir den registrerte den informasjonen han\/hun har bedt om, m\u00e5 han\/hun ogs\u00e5 informere den registrerte om registerets vanlige informasjonskilder, hva personopplysningene brukes til og hvor de regelmessig utleveres til.<\/p>\n\n\n\n<h5 class=\"wp-block-heading\">Rett til retting og sletting<\/h5>\n\n\n\n<p>Den registrerte har rett til \u00e5 be den behandlingsansvarlige om \u00e5 korrigere un\u00f8yaktige og ufullstendige personopplysninger om den registrerte. Den registrerte kan be den behandlingsansvarlige om \u00e5 slette personopplysningene om den registrerte, hvis:<\/p>\n\n\n\n<ul class=\"wp-block-list\">\n<li>personopplysningene ikke lenger er n\u00f8dvendige i forhold til de form\u00e5lene de ble samlet inn eller p\u00e5 annen m\u00e5te behandlet for;<\/li>\n\n\n\n<li>den registrerte trekker tilbake samtykket som ligger til grunn for behandlingen;<\/li>\n\n\n\n<li>personopplysningene har blitt behandlet ulovlig; eller<\/li>\n\n\n\n<li>personopplysningene m\u00e5 slettes for \u00e5 oppfylle en rettslig forpliktelse i EU-retten eller medlemsstatenes nasjonale rett som den behandlingsansvarlige er underlagt.<\/li>\n<\/ul>\n\n\n\n<p>Hvis den behandlingsansvarlige ikke godtar den registrertes anmodning om retting eller sletting av personopplysningene, skal den behandlingsansvarlige gi den registrerte en skriftlig avgj\u00f8relse i saken. Avgj\u00f8relsen skal inneholde en begrunnelse for hvorfor foresp\u00f8rselen ikke ble innvilget. Den registrerte kan deretter henvise saken til de relevante myndighetene (Personvernombudet). Den behandlingsansvarlige skal informere den som den behandlingsansvarlige har utlevert personopplysningene til eller har mottatt personopplysningene fra, om retting eller sletting av personopplysninger.  Det foreligger imidlertid ingen slik forpliktelse dersom det vil v\u00e6re praktisk umulig eller p\u00e5 annen m\u00e5te urimelig \u00e5 oppfylle forpliktelsen.<\/p>\n\n\n\n<h5 class=\"wp-block-heading\">Rett til begrensning av behandling<\/h5>\n\n\n\n<p>Den registrerte kan be den behandlingsansvarlige om \u00e5 begrense behandlingen av personopplysningene om den registrerte dersom ett av f\u00f8lgende forhold gj\u00f8r seg gjeldende:<\/p>\n\n\n\n<ul class=\"wp-block-list\">\n<li>den registrerte bestrider n\u00f8yaktigheten av personopplysningene, i en periode som gj\u00f8r det mulig for den behandlingsansvarlige \u00e5 verifisere n\u00f8yaktigheten av personopplysningene;<\/li>\n\n\n\n<li>behandlingen er ulovlig og den registrerte motsetter seg sletting av personopplysningene og i stedet ber om at bruken av dem begrenses; eller<\/li>\n\n\n\n<li>den behandlingsansvarlige ikke lenger trenger personopplysningene for form\u00e5let med behandlingen, men den registrerte trenger personopplysningene for \u00e5 kunne fastsette, gj\u00f8re gjeldende eller forsvare rettskrav.<\/li>\n<\/ul>\n\n\n\n<p>Hvis den behandlingsansvarlige har basert begrensningen av behandlingen av personopplysninger p\u00e5 de ovennevnte kriteriene, skal den behandlingsansvarlige varsle den registrerte f\u00f8r begrensningen oppheves.<\/p>\n\n\n\n<h5 class=\"wp-block-heading\">Rett til \u00e5 protestere<\/h5>\n\n\n\n<p>N\u00e5r personopplysninger behandles for direkte markedsf\u00f8ring, skal den registrerte ha rett til n\u00e5r som helst \u00e5 motsette seg behandling av personopplysninger om ham\/henne for slik markedsf\u00f8ring, noe som inkluderer profilering i den grad det er knyttet til slik direkte markedsf\u00f8ring.<\/p>\n\n\n\n<p><\/p>","protected":false},"excerpt":{"rendered":"<p>Our Privacy Policy Personal Data Act (523\/1999) 10\u00a7 and 24\u00a7 &amp; GDPR (679\/2016) articles 13, 14 and 30 1) CONTROLLER Name:&nbsp; Basecamp Explorer ASBusiness ID:&nbsp;979 581&nbsp;297Address: Mustads Vei 10, 0283 Oslo, Norway In this Privacy Policy the controller may also be referred to as \u201cwe\u201d. 2) PERSON IN CHARGE OF DATA FILES Name: Brita Knutsen [&hellip;]<\/p>","protected":false},"author":1,"featured_media":0,"parent":0,"menu_order":0,"comment_status":"closed","ping_status":"open","template":"page-legal.php","meta":{"_acf_changed":false,"footnotes":""},"class_list":["post-3","page","type-page","status-publish","hentry"],"acf":[],"_links":{"self":[{"href":"https:\/\/stg-basecampexplorer.kwrk.in\/nb\/wp-json\/wp\/v2\/pages\/3","targetHints":{"allow":["GET"]}}],"collection":[{"href":"https:\/\/stg-basecampexplorer.kwrk.in\/nb\/wp-json\/wp\/v2\/pages"}],"about":[{"href":"https:\/\/stg-basecampexplorer.kwrk.in\/nb\/wp-json\/wp\/v2\/types\/page"}],"author":[{"embeddable":true,"href":"https:\/\/stg-basecampexplorer.kwrk.in\/nb\/wp-json\/wp\/v2\/users\/1"}],"replies":[{"embeddable":true,"href":"https:\/\/stg-basecampexplorer.kwrk.in\/nb\/wp-json\/wp\/v2\/comments?post=3"}],"version-history":[{"count":11,"href":"https:\/\/stg-basecampexplorer.kwrk.in\/nb\/wp-json\/wp\/v2\/pages\/3\/revisions"}],"predecessor-version":[{"id":1920,"href":"https:\/\/stg-basecampexplorer.kwrk.in\/nb\/wp-json\/wp\/v2\/pages\/3\/revisions\/1920"}],"wp:attachment":[{"href":"https:\/\/stg-basecampexplorer.kwrk.in\/nb\/wp-json\/wp\/v2\/media?parent=3"}],"curies":[{"name":"wp","href":"https:\/\/api.w.org\/{rel}","templated":true}]}}