{"id":1820,"date":"2026-01-21T12:59:09","date_gmt":"2026-01-21T12:59:09","guid":{"rendered":"https:\/\/stg-basecampexplorer.kodework.com\/?page_id=1820"},"modified":"2026-01-21T13:14:22","modified_gmt":"2026-01-21T13:14:22","slug":"mountain-scrambling","status":"publish","type":"page","link":"https:\/\/stg-basecampexplorer.kwrk.in\/nb\/mountain-scrambling\/","title":{"rendered":"Fjellklatring"},"content":{"rendered":"<section class=\"hero-reusable\" data-height=\"100vh\">\n      <!-- Image Background -->\n    <div class=\"hero-reusable-bg\" style=\"background-image: url('https:\/\/stg-basecampexplorer.kwrk.in\/wp-content\/uploads\/2026\/01\/isfjord_radio_hiking_5-1920x1080-1.jpg');\"><\/div>\n  \n  <div class=\"hero-reusable-overlay\"><\/div>\n\n  <div class=\"container hero-reusable-content text-center\">\n          <p class=\"hero-reusable-sub\">Heldags fjelltur fra Longyearbyen<\/p>\n        \n          <div class=\"hero-reusable-title\">\n        <p>Fjellklatring<\/p>\n      <\/div>\n      <\/div>\n<\/section>\n\n\n\n<section class=\"adventure-svalbard black-theme\" style=\"background-color: #ffffff;\">\n  \n      <div class=\"adventure-overlay-image\">\n      <img decoding=\"async\" src=\"https:\/\/stg-basecampexplorer.kwrk.in\/wp-content\/uploads\/2025\/12\/BES-illustrasjoner-topografi-morkebla\u030a_Nordenskiold-Lodge-uten-hav.png\" alt=\"Overlay\">\n    <\/div>\n    \n  <div class=\"container\">\n      <h2>Basecamp Hotel<\/h2>\n\n      <div class=\"adventure-svalbard-grid\">\n\n        <div class=\"adventure-image-large\">\n          <img decoding=\"async\" src=\"https:\/\/stg-basecampexplorer.kwrk.in\/wp-content\/uploads\/2025\/12\/aa3b3595586f7712a360d01ae0a410dc909ef9e9-scaled.jpg\" alt=\"\">\n        <\/div>\n\n        <div class=\"adventure-image-small\">\n          <img decoding=\"async\" src=\"https:\/\/stg-basecampexplorer.kwrk.in\/wp-content\/uploads\/2025\/12\/d9a8a8fec25f7edbbd3b56fe367c5ce8299c786d-scaled.jpg\" alt=\"\">\n        <\/div>\n\n        <div class=\"adventure-content\">\n          <div class=\"adventure-right-top\">\n            <div class=\"adventure-text\">\n              <p>Dette er det perfekte eventyret for deg som \u00f8nsker en unik turopplevelse i den fantastiske villmarken i S. Bli med en av v\u00e5re erfarne guider p\u00e5 en dagstur gjennom fjellene rundt Longyearbyen. Du f\u00e5r utforske uber\u00f8rt arktisk landskap og l\u00e6re om omr\u00e5dets flora, fauna og historie mens du fordyper deg i det imponerende landskapet.<\/p>\n            <\/div>\n\n                      <\/div>\n\n          <div class=\"adventure-map\">\n            <img decoding=\"async\" src=\"https:\/\/stg-basecampexplorer.kwrk.in\/wp-content\/uploads\/2026\/01\/BES-illustrasjoner-morkebla_Isfjord-Radio_Rodsildre_Saxifraga-1-1.svg\" alt=\"\">\n          <\/div>\n        <\/div>\n\n      <\/div>\n  <\/div>\n<\/section>\n\n\n\n<section class=\"itinerary-timeline\">\n    \n            <div class=\"bg-image bg-top-right\">\n            <img decoding=\"async\" src=\"https:\/\/stg-basecampexplorer.kwrk.in\/wp-content\/uploads\/2025\/12\/BES-illustrasjoner-topografi-sand_Basecamp-Hotell-Longyearbyen-uten-hav-1-4.png\" alt=\"\">\n        <\/div>\n    \n            <div class=\"bg-image bg-bottom-left\">\n            <img decoding=\"async\" src=\"https:\/\/stg-basecampexplorer.kwrk.in\/wp-content\/uploads\/2025\/12\/77bc6a81c8936b962405b8e7e3da52be7af56db7-1.png\" alt=\"\">\n        <\/div>\n    \n    <div class=\"container\">\n                    <div class=\"timeline timeline--desktop\">\n                                                        \n                                            <!-- Image Left -->\n                        <div class=\"item left\">\n                                                            <div class=\"image\">\n                                    <img decoding=\"async\" src=\"https:\/\/stg-basecampexplorer.kwrk.in\/wp-content\/uploads\/2026\/01\/isfjord_radio_hiking_5-1920x1080-1.jpg\" \n                                         alt=\"\">\n                                <\/div>\n                                                    <\/div>\n\n                        <div class=\"dot\">\n                        <\/div>\n\n                        <div class=\"item right\">\n                                                            <div class=\"day\">Program<\/div>\n                                                        \n                                                            <div class=\"text\">\n                                    <p>Eventyret begynner med at du blir hentet p\u00e5 hotellet ditt, hvor guiden v\u00e5r tar deg med til startpunktet for dagens fottur. F\u00f8r du legger ut p\u00e5 tur, vil guiden gi deg en briefing om ruten og g\u00e5 gjennom viktige sikkerhetstips for \u00e5 navigere i Svalbards villmark. N\u00e5r du er klar, begir du deg ut i det magiske arktiske landskapet, der fjellene rundt Longyearbyen byr p\u00e5 en rekke turmuligheter som passer for ulike kondisjonsniv\u00e5er. Enten du n\u00e5r en topp eller utforsker en lavere sti, vil du bli oppslukt av den unike skj\u00f8nnheten i Arktis, med muligheter til \u00e5 f\u00e5 \u00f8ye p\u00e5 eksotisk flora og kanskje til og med arktisk dyreliv underveis. Underveis tar vi pauser for \u00e5 nyte omgivelsene, drikke varm drikke og snacks, og hvis du har tatt med deg matpakke, kan du spise lunsj med utsikt over tundraen eller de majestetiske fjellkjedene. Etter en innholdsrik dag kj\u00f8rer vi dere tilbake til hotellet, og dere sitter igjen med minner fra et virkelig fantastisk arktisk eventyr.<\/p>\n                                <\/div>\n                                                    <\/div>\n                                        \n                            <\/div>\n\n            <div class=\"timeline timeline--mobile\">\n                                    <div class=\"timeline-mobile-row\">\n                                                    <div class=\"image\">\n                                <img decoding=\"async\" src=\"https:\/\/stg-basecampexplorer.kwrk.in\/wp-content\/uploads\/2026\/01\/isfjord_radio_hiking_5-1920x1080-1.jpg\"\n                                     alt=\"\">\n                            <\/div>\n                        \n                                                    <div class=\"timeline-mobile-head\">\n                                <div class=\"dot\" aria-hidden=\"true\"><\/div>\n                                <div class=\"day\">Program<\/div>\n                            <\/div>\n                        \n                                                    <div class=\"text\">\n                                <p>Eventyret begynner med at du blir hentet p\u00e5 hotellet ditt, hvor guiden v\u00e5r tar deg med til startpunktet for dagens fottur. F\u00f8r du legger ut p\u00e5 tur, vil guiden gi deg en briefing om ruten og g\u00e5 gjennom viktige sikkerhetstips for \u00e5 navigere i Svalbards villmark. N\u00e5r du er klar, begir du deg ut i det magiske arktiske landskapet, der fjellene rundt Longyearbyen byr p\u00e5 en rekke turmuligheter som passer for ulike kondisjonsniv\u00e5er. Enten du n\u00e5r en topp eller utforsker en lavere sti, vil du bli oppslukt av den unike skj\u00f8nnheten i Arktis, med muligheter til \u00e5 f\u00e5 \u00f8ye p\u00e5 eksotisk flora og kanskje til og med arktisk dyreliv underveis. Underveis tar vi pauser for \u00e5 nyte omgivelsene, drikke varm drikke og snacks, og hvis du har tatt med deg matpakke, kan du spise lunsj med utsikt over tundraen eller de majestetiske fjellkjedene. Etter en innholdsrik dag kj\u00f8rer vi dere tilbake til hotellet, og dere sitter igjen med minner fra et virkelig fantastisk arktisk eventyr.<\/p>\n                            <\/div>\n                                            <\/div>\n                            <\/div>\n            <\/div>\n<\/section>\n\n\n<section class=\"adventure-amenities-cards\">\n  \n      <div class=\"adventure-amenities-cards__bg adventure-amenities-cards__bg--right\">\n      <img decoding=\"async\" src=\"https:\/\/stg-basecampexplorer.kwrk.in\/wp-content\/uploads\/2025\/12\/BES-illustrasjoner-topografi-sand_Basecamp-Hotell-Longyearbyen-uten-hav-1-5.png\" alt=\"\">\n    <\/div>\n  \n      <div class=\"adventure-amenities-cards__bg adventure-amenities-cards__bg--left\">\n      <img decoding=\"async\" src=\"https:\/\/stg-basecampexplorer.kwrk.in\/wp-content\/uploads\/2025\/12\/77bc6a81c8936b962405b8e7e3da52be7af56db7-2.png\" alt=\"\">\n    <\/div>\n  \n  <div class=\"container adventure-amenities-cards__inner\">\n                  <div class=\"adventure-amenities-card\">\n                      <div class=\"adventure-amenities-card__icon\">\n              <img decoding=\"async\" src=\"https:\/\/stg-basecampexplorer.kwrk.in\/wp-content\/uploads\/2026\/01\/Vector.svg\" alt=\"On request\">\n            <\/div>\n                    \n                      <p>P\u00e5 foresp\u00f8rsel<\/p>\n                  <\/div>\n              <div class=\"adventure-amenities-card\">\n                      <div class=\"adventure-amenities-card__icon\">\n              <img decoding=\"async\" src=\"https:\/\/stg-basecampexplorer.kwrk.in\/wp-content\/uploads\/2026\/01\/Frame-8.svg\" alt=\"4-5 hours\">\n            <\/div>\n                    \n                      <p>4-5 timer<\/p>\n                  <\/div>\n              <div class=\"adventure-amenities-card\">\n                      <div class=\"adventure-amenities-card__icon\">\n              <img decoding=\"async\" src=\"https:\/\/stg-basecampexplorer.kwrk.in\/wp-content\/uploads\/2026\/01\/Frame-6.svg\" alt=\"May-October\">\n            <\/div>\n                    \n                      <p>Mai-oktober<\/p>\n                  <\/div>\n              <div class=\"adventure-amenities-card\">\n                      <div class=\"adventure-amenities-card__icon\">\n              <img decoding=\"async\" src=\"https:\/\/stg-basecampexplorer.kwrk.in\/wp-content\/uploads\/2026\/01\/Frame-3.svg\" alt=\"Snack and warm drinks included\">\n            <\/div>\n                    \n                      <p>Snacks og varm drikke inkludert<\/p>\n                  <\/div>\n            <\/div>\n<\/section>\n\n\n\n<section class=\"adventure-details\">\n  <div class=\"container\">\n    <div class=\"row g-5\">\n\n      <!-- LEFT -->\n      <div class=\"col-md-4 adventure-left\">\n                  <h2>Eventyr<br>Detaljer<\/h2>\n                \n                  <a \n            href=\"https:\/\/stg-basecampexplorer.kwrk.in\/nb\/contact-us\/\" \n            target=\"_self\" \n            class=\"contact-btn\"\n          >\n            Kontakt oss          <\/a>\n              <\/div>\n\n      <!-- RIGHT \/ ACCORDION -->\n      <div class=\"col-md-8\">\n                  <div class=\"accordion\" id=\"adventureAccordion\">\n                                        <div class=\"accordion-item\">\n                <h2 class=\"accordion-header\">\n                  <button\n                    class=\"accordion-button collapsed\"\n                    type=\"button\"\n                    data-bs-toggle=\"collapse\"\n                    data-bs-target=\"#acc1\">\n                    Prisinformasjon og hva som er inkludert i ekspedisjonen din                  <\/button>\n                <\/h2>\n                <div id=\"acc1\" class=\"accordion-collapse collapse\" data-bs-parent=\"#adventureAccordion\">\n                  <div class=\"accordion-body\">\n                    <h5>Hva er inkludert?<\/h5>\n<p>5-timers guidet fottur og varm drikke. Henting p\u00e5 ditt hotell eller gjestehus i Longyearbyen. Guide med n\u00f8d- og sikkerhetsutstyr.<\/p>\n<h5>Minimum antall deltakere<\/h5>\n<p>Vi har et minimum p\u00e5 fire deltakere for dette eventyret. Hvis det er f\u00e6rre enn fire gjester, forbeholder vi oss retten til \u00e5 tilby et alternativt program.<\/p>\n                  <\/div>\n                <\/div>\n              <\/div>\n                                        <div class=\"accordion-item\">\n                <h2 class=\"accordion-header\">\n                  <button\n                    class=\"accordion-button collapsed\"\n                    type=\"button\"\n                    data-bs-toggle=\"collapse\"\n                    data-bs-target=\"#acc2\">\n                    Kl\u00e6r, utstyr og hva du b\u00f8r pakke til Arktis                  <\/button>\n                <\/h2>\n                <div id=\"acc2\" class=\"accordion-collapse collapse\" data-bs-parent=\"#adventureAccordion\">\n                  <div class=\"accordion-body\">\n                    <p>Pakk en dagstursekk (ca. 20-35 liter) med ekstra snacks, matpakke, drikkeflaske med vann (min. 5 dl) og ekstra lag med kl\u00e6r. Bruk stabile og vanntette tursko. Ta p\u00e5 deg en komfortabel friluftsbukse med ullundert\u00f8y under. P\u00e5 overkroppen anbefaler vi ullundert\u00f8y og vindtett jakke. Ta med et ekstra lag med ull og en tynn dunjakke eller lignende. Du blir varm og svett p\u00e5 turen, og det er ofte kj\u00f8lig p\u00e5 toppen. Husk en varm lue, buff og varme vindtette votter eller varme hansker.<\/p>\n                  <\/div>\n                <\/div>\n              <\/div>\n                                        <div class=\"accordion-item\">\n                <h2 class=\"accordion-header\">\n                  <button\n                    class=\"accordion-button collapsed\"\n                    type=\"button\"\n                    data-bs-toggle=\"collapse\"\n                    data-bs-target=\"#acc3\">\n                    Viktige merknader, krav og sikkerhetsinformasjon                  <\/button>\n                <\/h2>\n                <div id=\"acc3\" class=\"accordion-collapse collapse\" data-bs-parent=\"#adventureAccordion\">\n                  <div class=\"accordion-body\">\n                    <h5>Merknad<\/h5>\n<p>Denne turen g\u00e5r i uber\u00f8rt terreng uten veier og stier. Du b\u00f8r v\u00e6re i stand til \u00e5 bevege deg i variert terreng som gressbakker, steinblokker og morene p\u00e5 en trygg og selvstendig m\u00e5te. Avhengig av ruten kan vi til og med krysse elver som kommer fra breen. V\u00e6r forberedt p\u00e5 en bratt tur i begynnelsen av turen, og n\u00e5r vi n\u00e5r plat\u00e5et, er utsikten verdt all svetten for \u00e5 n\u00e5 toppen.<\/p>\n<h5>V\u00e6rforholdene p\u00e5 Svalbard<\/h5>\n<p>P\u00e5 Svalbard kan v\u00e6rforholdene endre seg raskt. Det betyr at vi kan bli n\u00f8dt til \u00e5 gj\u00f8re endringer i det planlagte opplevelsesprogrammet. Vi vil alltid gj\u00f8re v\u00e5rt ytterste for \u00e5 gi deg en stor opplevelse i Arktis, samtidig som vi m\u00e5 v\u00e6re oppmerksomme p\u00e5 destinasjonens s\u00e6rtrekk.<\/p>\n                  <\/div>\n                <\/div>\n              <\/div>\n                      <\/div>\n              <\/div>\n\n    <\/div>\n  <\/div>\n<\/section>\n\n\n\n<section class=\"image-carousel-section black-theme\" style=\"background-color: #ffffff;\">\n\n  <!-- Heading + Controls -->\n  <div class=\"carousel-heading-row container\">\n    \n    <div class=\"carousel-head\">\n      <h1>Utenfor allfarvei<\/h1>\n    <\/div>\n\n    <div class=\"carousel-heading-controls\">\n      <div class=\"carousel-controller\">\n        <button class=\"carousel-prev\" aria-label=\"tidligere\">\n          <i class=\"bi bi-arrow-left-short\"><\/i>\n        <\/button>\n\n        <button class=\"carousel-next\" aria-label=\"neste\">\n          <i class=\"bi bi-arrow-right-short\"><\/i>\n        <\/button>\n      <\/div>\n    <\/div>\n\n  <\/div>\n\n\n  <!-- Swiper -->\n  <div class=\"image-carousel-swiper swiper\">\n    <div class=\"swiper-wrapper\">\n\n              \n                  \n          <div class=\"swiper-slide\">\n                          <div class=\"carousel-image-card\">\n                          \n                              <img decoding=\"async\" \n                  src=\"https:\/\/stg-basecampexplorer.kwrk.in\/wp-content\/uploads\/2026\/01\/hiking_spitsbergen_11-1920x1080-1.jpg\" \n                  alt=\"Carousel Image\" \n                  loading=\"lazy\"\n                >\n                            \n                          \n                          <\/div>\n                      <\/div>\n\n                  \n          <div class=\"swiper-slide\">\n                          <div class=\"carousel-image-card\">\n                          \n                              <img decoding=\"async\" \n                  src=\"https:\/\/stg-basecampexplorer.kwrk.in\/wp-content\/uploads\/2026\/01\/smile_isfjord-radio_basecamp-explorer-by-silje-forbes-1920x1080-1.jpg\" \n                  alt=\"Carousel Image\" \n                  loading=\"lazy\"\n                >\n                            \n                          \n                          <\/div>\n                      <\/div>\n\n                  \n          <div class=\"swiper-slide\">\n                          <div class=\"carousel-image-card\">\n                          \n                              <img decoding=\"async\" \n                  src=\"https:\/\/stg-basecampexplorer.kwrk.in\/wp-content\/uploads\/2026\/01\/basecamp-spitsbergen-summer-season-9-kirsti-puro-1638x1080-1.jpg\" \n                  alt=\"Carousel Image\" \n                  loading=\"lazy\"\n                >\n                            \n                          \n                          <\/div>\n                      <\/div>\n\n                  \n          <div class=\"swiper-slide\">\n                          <div class=\"carousel-image-card\">\n                          \n                              <img decoding=\"async\" \n                  src=\"https:\/\/stg-basecampexplorer.kwrk.in\/wp-content\/uploads\/2026\/01\/basecamp-explorer-spitsbergen-isfjord-radio-adventure-hotel-svalbard-isfjordflya-hike-family-09-1920x1080-1.jpg\" \n                  alt=\"Carousel Image\" \n                  loading=\"lazy\"\n                >\n                            \n                          \n                          <\/div>\n                      <\/div>\n\n                  \n          <div class=\"swiper-slide\">\n                          <div class=\"carousel-image-card\">\n                          \n                              <img decoding=\"async\" \n                  src=\"https:\/\/stg-basecampexplorer.kwrk.in\/wp-content\/uploads\/2026\/01\/little_auk_summer_4-1920x1080-1.jpg\" \n                  alt=\"Carousel Image\" \n                  loading=\"lazy\"\n                >\n                            \n                          \n                          <\/div>\n                      <\/div>\n\n                  \n          <div class=\"swiper-slide\">\n                          <div class=\"carousel-image-card\">\n                          \n                              <img decoding=\"async\" \n                  src=\"https:\/\/stg-basecampexplorer.kwrk.in\/wp-content\/uploads\/2026\/01\/basecamp-explorer-morten-rostille-fox-1920x1080-1.jpg\" \n                  alt=\"Carousel Image\" \n                  loading=\"lazy\"\n                >\n                            \n                          \n                          <\/div>\n                      <\/div>\n\n        \n      \n    <\/div>\n\n    <!-- Scrollbar + Placeholder (matches your layout) -->\n    <div class=\"carousel-controls-row container\">\n      <div class=\"carousel-controls-placeholder\"><\/div>\n      <div class=\"swiper-scrollbar\"><\/div>\n    <\/div>\n\n  <\/div>\n\n<\/section>","protected":false},"excerpt":{"rendered":"","protected":false},"author":1,"featured_media":0,"parent":0,"menu_order":0,"comment_status":"closed","ping_status":"closed","template":"","meta":{"_acf_changed":false,"footnotes":""},"class_list":["post-1820","page","type-page","status-publish","hentry"],"acf":[],"_links":{"self":[{"href":"https:\/\/stg-basecampexplorer.kwrk.in\/nb\/wp-json\/wp\/v2\/pages\/1820","targetHints":{"allow":["GET"]}}],"collection":[{"href":"https:\/\/stg-basecampexplorer.kwrk.in\/nb\/wp-json\/wp\/v2\/pages"}],"about":[{"href":"https:\/\/stg-basecampexplorer.kwrk.in\/nb\/wp-json\/wp\/v2\/types\/page"}],"author":[{"embeddable":true,"href":"https:\/\/stg-basecampexplorer.kwrk.in\/nb\/wp-json\/wp\/v2\/users\/1"}],"replies":[{"embeddable":true,"href":"https:\/\/stg-basecampexplorer.kwrk.in\/nb\/wp-json\/wp\/v2\/comments?post=1820"}],"version-history":[{"count":6,"href":"https:\/\/stg-basecampexplorer.kwrk.in\/nb\/wp-json\/wp\/v2\/pages\/1820\/revisions"}],"predecessor-version":[{"id":1836,"href":"https:\/\/stg-basecampexplorer.kwrk.in\/nb\/wp-json\/wp\/v2\/pages\/1820\/revisions\/1836"}],"wp:attachment":[{"href":"https:\/\/stg-basecampexplorer.kwrk.in\/nb\/wp-json\/wp\/v2\/media?parent=1820"}],"curies":[{"name":"wp","href":"https:\/\/api.w.org\/{rel}","templated":true}]}}