{"id":1712,"date":"2026-01-20T11:08:49","date_gmt":"2026-01-20T11:08:49","guid":{"rendered":"https:\/\/stg-basecampexplorer.kodework.com\/?page_id=1712"},"modified":"2026-01-22T06:42:11","modified_gmt":"2026-01-22T06:42:11","slug":"vi-er-resertifisert-for-miljoet","status":"publish","type":"page","link":"https:\/\/stg-basecampexplorer.kwrk.in\/nb\/vi-er-resertifisert-for-miljoet\/","title":{"rendered":"Vi er resertifisert for milj\u00f8et"},"content":{"rendered":"<div class=\"wp-block-cover\"><span aria-hidden=\"true\" class=\"wp-block-cover__background has-background-dim-100 has-background-dim\" style=\"background-color:#22576e\"><\/span><div class=\"wp-block-cover__inner-container is-layout-constrained wp-block-cover-is-layout-constrained\">\n<p class=\"has-text-align-center\" style=\"font-size:64px\">Vi er resertifisert for milj\u00f8et<\/p>\n<\/div><\/div>\n\n\n\n<div style=\"height:100px\" aria-hidden=\"true\" class=\"wp-block-spacer\"><\/div>\n\n\n\n<p class=\"has-medium-font-size\">\\<strong>Vi har igjen f\u00e5tt tildelt merket for b\u00e6rekraftige reisem\u00e5l av Innovasjon Norge, og i Basecamp Explorer Spitsbergen er vi stolte av bidraget v\u00e5rt for \u00e5 n\u00e5 dette viktige m\u00e5let for Svalbard: Vi er resertifisert som Milj\u00f8fyrt\u00e5rn-bedrift.<\/strong><\/p>\n\n\n\n<p class=\"has-text-align-center\"><img loading=\"lazy\" decoding=\"async\" src=\"https:\/\/basecampexplorer.com\/wp-content\/uploads\/2022\/02\/basecamp_explorer_evelina_nohr_miljoe-600x450.jpg\" alt=\"\" width=\"600\" height=\"450\" srcset=\"https:\/\/basecampexplorer.com\/wp-content\/uploads\/2022\/02\/basecamp_explorer_evelina_nohr_miljoe-600x450.jpg 600w, https:\/\/basecampexplorer.com\/wp-content\/uploads\/2022\/02\/basecamp_explorer_evelina_nohr_miljoe-1000x750.jpg 1000w, https:\/\/basecampexplorer.com\/wp-content\/uploads\/2022\/02\/basecamp_explorer_evelina_nohr_miljoe-768x576.jpg 768w, https:\/\/basecampexplorer.com\/wp-content\/uploads\/2022\/02\/basecamp_explorer_evelina_nohr_miljoe-1536x1152.jpg 1536w, https:\/\/basecampexplorer.com\/wp-content\/uploads\/2022\/02\/basecamp_explorer_evelina_nohr_miljoe-2048x1536.jpg 2048w\"><br><em>Evelina Nohr ledet arbeidet med resertifiseringen v\u00e5r som Milj\u00f8fyrt\u00e5rn-bedrift.<\/em><\/p>\n\n\n\n<p>- Alle aktivitetene v\u00e5re ved Basecamp Hotel, Fangststasjonen, Ekspedisjonen og Isfjord Radio Adventure Hotel har v\u00e6rt under vurdering for resertifiseringen, og vi har levert en krevende dokumentasjon som underlag, sier Evelina Nohr, hotellsjef ved Basecamp Hotel. Evelina har v\u00e6rt v\u00e5r ansvarlige i prosessen.<\/p>\n\n\n\n<p>- Alle aktiviteter knyttet til driften v\u00e5r m\u00e5 dokumenteres. Fra h\u00e5ndtering av s\u00f8ppel til hvorfor guidene velger ruter i naturen som ikke belaster milj\u00f8et. Basecamp Explorer Spitsbergen er eneste norske reiselivsoperat\u00f8r som tilbyr overnatting utenfor Longyearbyen, og derfor er vi ekstra tilfredse med at jobben som gj\u00f8res ved utestasjonen Isfjord Radio Adventure Hotel inng\u00e5r i resertifiseringen. Det er krevende arbeid \u00e5 operere et b\u00e6rekraftig hotell som kun kan n\u00e5s med b\u00e5t om sommeren og sn\u00f8scooter om vinteren, forklarer Evelina.<\/p>\n\n\n\n<p>B\u00e6rekraft har ligget i Basecamp Explorers DNA fra oppstart, og er f\u00f8rende for oss i daglig drift og innovasjon. Sommeren 2021 utviklet Store Norske et helt nytt energianlegg ved Isfjord Radio, der blant annet annet badstuen Kokeriet ble overf\u00f8rt p\u00e5 solcelleenergi.<\/p>\n\n\n\n<p class=\"has-text-align-center\"><img loading=\"lazy\" decoding=\"async\" src=\"https:\/\/basecampexplorer.com\/wp-content\/uploads\/2022\/02\/basecamp_explorer_isfjord_radio_sustainability-600x450.jpg\" alt=\"\" width=\"600\" height=\"450\" srcset=\"https:\/\/basecampexplorer.com\/wp-content\/uploads\/2022\/02\/basecamp_explorer_isfjord_radio_sustainability-600x450.jpg 600w, https:\/\/basecampexplorer.com\/wp-content\/uploads\/2022\/02\/basecamp_explorer_isfjord_radio_sustainability-1000x750.jpg 1000w, https:\/\/basecampexplorer.com\/wp-content\/uploads\/2022\/02\/basecamp_explorer_isfjord_radio_sustainability-768x576.jpg 768w, https:\/\/basecampexplorer.com\/wp-content\/uploads\/2022\/02\/basecamp_explorer_isfjord_radio_sustainability-1536x1152.jpg 1536w, https:\/\/basecampexplorer.com\/wp-content\/uploads\/2022\/02\/basecamp_explorer_isfjord_radio_sustainability-2048x1536.jpg 2048w\"><br><em>Store Norske har utviklet et fremtidsrettet energianlegg for Isfjord Radio Adventure Hotel.<\/em><\/p>\n\n\n\n<p><strong>Merket for b\u00e6rekraftige reisem\u00e5l<br><\/strong>- B\u00e6rekraftig utvikling er en forutsetning for \u00e5 omstille og gjenoppbygge destinasjonen Svalbard etter koronapandemien, og handler om lokalsamfunn, by og sted. Merkeordningen har invitert til et utstrakt samarbeid med lokalstyre, og det er sv\u00e6rt viktig \u00e5 bevare tett dialog og samhandling n\u00e5r man jobber med destinasjonsledelse, sier Ronny Brunvoll, daglig leder i Visit Svalbard etter tildelingen av Longyearbyen som b\u00e6rekraftig reisem\u00e5l. Merket brukes som et verkt\u00f8y for forbedring av b\u00e6rekraften, der reiselivsakt\u00f8rene forplikter seg til en kontinuerlig prosess for redusert fotavtrykk.<\/p>\n\n\n\n<p>- Basecamp Explorer Spitsbergen har jobbet iherdig for resertifiseringen som Milj\u00f8fyrt\u00e5rn-bedrift og bidratt inn til det totale avtrykket for bransjen v\u00e5r p\u00e5 Svalbard. Det koster noen ekstra ressurser \u00e5 v\u00e6re en litt annerledes leverand\u00f8r av opplevelser og overnatting, men det er verdt hver eneste arbeidstime og ressursbruk, avslutter Evelina Nohr.<\/p>","protected":false},"excerpt":{"rendered":"<p>\\Vi har igjen f\u00e5tt tildelt merket for b\u00e6rekraftige reisem\u00e5l av Innovasjon Norge, og i Basecamp Explorer Spitsbergen er vi stolte av bidraget v\u00e5rt for \u00e5 n\u00e5 dette viktige m\u00e5let for Svalbard: Vi er resertifisert som Milj\u00f8fyrt\u00e5rn-bedrift. Evelina Nohr ledet arbeidet med resertifiseringen v\u00e5r som Milj\u00f8fyrt\u00e5rn-bedrift. \u2013 Alle aktivitetene v\u00e5re ved Basecamp Hotel, Fangststasjonen, Ekspedisjonen og [&hellip;]<\/p>","protected":false},"author":1,"featured_media":0,"parent":0,"menu_order":0,"comment_status":"closed","ping_status":"closed","template":"page-legal.php","meta":{"_acf_changed":false,"footnotes":""},"class_list":["post-1712","page","type-page","status-publish","hentry"],"acf":[],"_links":{"self":[{"href":"https:\/\/stg-basecampexplorer.kwrk.in\/nb\/wp-json\/wp\/v2\/pages\/1712","targetHints":{"allow":["GET"]}}],"collection":[{"href":"https:\/\/stg-basecampexplorer.kwrk.in\/nb\/wp-json\/wp\/v2\/pages"}],"about":[{"href":"https:\/\/stg-basecampexplorer.kwrk.in\/nb\/wp-json\/wp\/v2\/types\/page"}],"author":[{"embeddable":true,"href":"https:\/\/stg-basecampexplorer.kwrk.in\/nb\/wp-json\/wp\/v2\/users\/1"}],"replies":[{"embeddable":true,"href":"https:\/\/stg-basecampexplorer.kwrk.in\/nb\/wp-json\/wp\/v2\/comments?post=1712"}],"version-history":[{"count":4,"href":"https:\/\/stg-basecampexplorer.kwrk.in\/nb\/wp-json\/wp\/v2\/pages\/1712\/revisions"}],"predecessor-version":[{"id":1923,"href":"https:\/\/stg-basecampexplorer.kwrk.in\/nb\/wp-json\/wp\/v2\/pages\/1712\/revisions\/1923"}],"wp:attachment":[{"href":"https:\/\/stg-basecampexplorer.kwrk.in\/nb\/wp-json\/wp\/v2\/media?parent=1712"}],"curies":[{"name":"wp","href":"https:\/\/api.w.org\/{rel}","templated":true}]}}