{"id":1336,"date":"2026-01-15T05:21:59","date_gmt":"2026-01-15T05:21:59","guid":{"rendered":"https:\/\/stg-basecampexplorer.kodework.com\/?page_id=1336"},"modified":"2026-01-21T13:38:38","modified_gmt":"2026-01-21T13:38:38","slug":"winter-hike-with-visit-in-ice-cave","status":"publish","type":"page","link":"https:\/\/stg-basecampexplorer.kwrk.in\/nb\/winter-hike-with-visit-in-ice-cave\/","title":{"rendered":"Vintervandring med bes\u00f8k i isgrotte"},"content":{"rendered":"<section class=\"hero-reusable\" data-height=\"100vh\">\n      <!-- Image Background -->\n    <div class=\"hero-reusable-bg\" style=\"background-image: url('https:\/\/stg-basecampexplorer.kwrk.in\/wp-content\/uploads\/2026\/01\/ice_cave_adventure_spitsbergen_2-1920x1080-1.jpg');\"><\/div>\n  \n  <div class=\"hero-reusable-overlay\"><\/div>\n\n  <div class=\"container hero-reusable-content text-center\">\n          <p class=\"hero-reusable-sub\">Vandring med utgangspunkt fra Longyearbyen <\/p>\n        \n          <div class=\"hero-reusable-title\">\n        <p>Arktisk stillhet til isgrotte<\/p>\n      <\/div>\n      <\/div>\n<\/section>\n\n\n\n<section class=\"adventure-svalbard black-theme\" style=\"background-color: #ffffff;\">\n  \n      <div class=\"adventure-overlay-image\">\n      <img decoding=\"async\" src=\"https:\/\/stg-basecampexplorer.kwrk.in\/wp-content\/uploads\/2025\/12\/BES-illustrasjoner-topografi-morkebla\u030a_Nordenskiold-Lodge-uten-hav.png\" alt=\"Overlay\">\n    <\/div>\n    \n  <div class=\"container\">\n      <h2>Basecamp Hotel<\/h2>\n\n      <div class=\"adventure-svalbard-grid\">\n\n        <div class=\"adventure-image-large\">\n          <img decoding=\"async\" src=\"https:\/\/stg-basecampexplorer.kwrk.in\/wp-content\/uploads\/2025\/12\/aa3b3595586f7712a360d01ae0a410dc909ef9e9-scaled.jpg\" alt=\"\">\n        <\/div>\n\n        <div class=\"adventure-image-small\">\n          <img decoding=\"async\" src=\"https:\/\/stg-basecampexplorer.kwrk.in\/wp-content\/uploads\/2025\/12\/d9a8a8fec25f7edbbd3b56fe367c5ce8299c786d-scaled.jpg\" alt=\"\">\n        <\/div>\n\n        <div class=\"adventure-content\">\n          <div class=\"adventure-right-top\">\n            <div class=\"adventure-text\">\n              <p>S\u00f8r for Longyearbyen strekker isbreene seg fra de ruvende fjelltoppene i n\u00e6rheten og ned mot Longyeardalen. N\u00e5r vi vandrer opp i det kuperte terrenget ved foten av breen, kommer du inn i noe som f\u00f8les som et m\u00e5nelandskap. N\u00e5r vi klatrer h\u00f8yere opp mot breen, f\u00e5r vi en flott utsikt over Longyearbyen f\u00f8r vi kommer inn p\u00e5 islagt grunn. N\u00e5r du g\u00e5r p\u00e5 en isbre, kan du bare forestille deg hva som skjuler seg under f\u00f8ttene dine. Snart vil vi oppdage de imponerende smeltevannskanalene som danner Svalbards isgrotter.<\/p>\n            <\/div>\n\n                      <\/div>\n\n          <div class=\"adventure-map\">\n            <img decoding=\"async\" src=\"https:\/\/stg-basecampexplorer.kwrk.in\/wp-content\/uploads\/2026\/01\/BES-illustrasjoner-morkebla_Isfjord-Radio_Rodsildre_Saxifraga-1-1.svg\" alt=\"\">\n          <\/div>\n        <\/div>\n\n      <\/div>\n  <\/div>\n<\/section>\n\n\n\n<section class=\"itinerary-timeline\">\n    \n            <div class=\"bg-image bg-top-right\">\n            <img decoding=\"async\" src=\"https:\/\/stg-basecampexplorer.kwrk.in\/wp-content\/uploads\/2025\/12\/BES-illustrasjoner-topografi-sand_Basecamp-Hotell-Longyearbyen-uten-hav-1-4.png\" alt=\"\">\n        <\/div>\n    \n            <div class=\"bg-image bg-bottom-left\">\n            <img decoding=\"async\" src=\"https:\/\/stg-basecampexplorer.kwrk.in\/wp-content\/uploads\/2025\/12\/77bc6a81c8936b962405b8e7e3da52be7af56db7-1.png\" alt=\"\">\n        <\/div>\n    \n    <div class=\"container\">\n                    <div class=\"timeline timeline--desktop\">\n                                                        \n                                            <!-- Image Left -->\n                        <div class=\"item left\">\n                                                            <div class=\"image\">\n                                    <img decoding=\"async\" src=\"https:\/\/stg-basecampexplorer.kwrk.in\/wp-content\/uploads\/2026\/01\/dsc_0048-800x200-1.jpg\" \n                                         alt=\"\">\n                                <\/div>\n                                                    <\/div>\n\n                        <div class=\"dot\">\n                        <\/div>\n\n                        <div class=\"item right\">\n                                                            <div class=\"day\">Program<\/div>\n                                                        \n                                                            <div class=\"text\">\n                                    <p>Nyt en solid frokost f\u00f8r eventyret som starter kl. 10. Guiden m\u00f8ter deg i resepsjonen p\u00e5 hotellet. Ta med en liten ryggsekk, og vi anbefaler \u00e5 pakke med en ekstra genser eller tynn dunjakke.<\/p>\n<p>Dagens rute g\u00e5r mot en av isbreene i n\u00e6rheten av Longyearbyen. V\u00e6r forberedt p\u00e5 en bratt stigning f\u00f8r landskapet \u00e5pner seg n\u00e5r vi kommer inn p\u00e5 breen. Utsikten er fantastisk, og et av h\u00f8ydepunktene er \u00e5 komme inn i den frosne verdenen under f\u00f8ttene v\u00e5re.  Alle blir utstyrt med hodelykter i polarnatten, samt truger eller steigeisen. Lunsjen nyter vi utend\u00f8rs. Dette er en tur for livet!<\/p>\n                                <\/div>\n                                                    <\/div>\n                                        \n                            <\/div>\n\n            <div class=\"timeline timeline--mobile\">\n                                    <div class=\"timeline-mobile-row\">\n                                                    <div class=\"image\">\n                                <img decoding=\"async\" src=\"https:\/\/stg-basecampexplorer.kwrk.in\/wp-content\/uploads\/2026\/01\/dsc_0048-800x200-1.jpg\"\n                                     alt=\"\">\n                            <\/div>\n                        \n                                                    <div class=\"timeline-mobile-head\">\n                                <div class=\"dot\" aria-hidden=\"true\"><\/div>\n                                <div class=\"day\">Program<\/div>\n                            <\/div>\n                        \n                                                    <div class=\"text\">\n                                <p>Nyt en solid frokost f\u00f8r eventyret som starter kl. 10. Guiden m\u00f8ter deg i resepsjonen p\u00e5 hotellet. Ta med en liten ryggsekk, og vi anbefaler \u00e5 pakke med en ekstra genser eller tynn dunjakke.<\/p>\n<p>Dagens rute g\u00e5r mot en av isbreene i n\u00e6rheten av Longyearbyen. V\u00e6r forberedt p\u00e5 en bratt stigning f\u00f8r landskapet \u00e5pner seg n\u00e5r vi kommer inn p\u00e5 breen. Utsikten er fantastisk, og et av h\u00f8ydepunktene er \u00e5 komme inn i den frosne verdenen under f\u00f8ttene v\u00e5re.  Alle blir utstyrt med hodelykter i polarnatten, samt truger eller steigeisen. Lunsjen nyter vi utend\u00f8rs. Dette er en tur for livet!<\/p>\n                            <\/div>\n                                            <\/div>\n                            <\/div>\n            <\/div>\n<\/section>\n\n\n<section class=\"adventure-amenities-cards\">\n  \n      <div class=\"adventure-amenities-cards__bg adventure-amenities-cards__bg--right\">\n      <img decoding=\"async\" src=\"https:\/\/stg-basecampexplorer.kwrk.in\/wp-content\/uploads\/2025\/12\/BES-illustrasjoner-topografi-sand_Basecamp-Hotell-Longyearbyen-uten-hav-1-5.png\" alt=\"\">\n    <\/div>\n  \n      <div class=\"adventure-amenities-cards__bg adventure-amenities-cards__bg--left\">\n      <img decoding=\"async\" src=\"https:\/\/stg-basecampexplorer.kwrk.in\/wp-content\/uploads\/2025\/12\/77bc6a81c8936b962405b8e7e3da52be7af56db7-2.png\" alt=\"\">\n    <\/div>\n  \n  <div class=\"container adventure-amenities-cards__inner\">\n                  <div class=\"adventure-amenities-card\">\n                      <div class=\"adventure-amenities-card__icon\">\n              <img decoding=\"async\" src=\"https:\/\/stg-basecampexplorer.kwrk.in\/wp-content\/uploads\/2026\/01\/Vector.svg\" alt=\" Selected dates\">\n            <\/div>\n                    \n                      <p> Utvalgte datoer<\/p>\n                  <\/div>\n              <div class=\"adventure-amenities-card\">\n                      <div class=\"adventure-amenities-card__icon\">\n              <img decoding=\"async\" src=\"https:\/\/stg-basecampexplorer.kwrk.in\/wp-content\/uploads\/2026\/01\/Frame-3.svg\" alt=\"Lunch and warm drinks incl.\">\n            <\/div>\n                    \n                      <p>Lunsj og varm drikke inkludert.<\/p>\n                  <\/div>\n              <div class=\"adventure-amenities-card\">\n                      <div class=\"adventure-amenities-card__icon\">\n              <img decoding=\"async\" src=\"https:\/\/stg-basecampexplorer.kwrk.in\/wp-content\/uploads\/2026\/01\/Frame-4.svg\" alt=\"November-January\">\n            <\/div>\n                    \n                      <p>November-januar<\/p>\n                  <\/div>\n              <div class=\"adventure-amenities-card\">\n                      <div class=\"adventure-amenities-card__icon\">\n              <img decoding=\"async\" src=\"https:\/\/stg-basecampexplorer.kwrk.in\/wp-content\/uploads\/2026\/01\/Frame-5.svg\" alt=\"5-6 hours\">\n            <\/div>\n                    \n                      <p>5-6 timer<\/p>\n                  <\/div>\n            <\/div>\n<\/section>\n\n\n\n<section class=\"adventure-details\">\n  <div class=\"container\">\n    <div class=\"row g-5\">\n\n      <!-- LEFT -->\n      <div class=\"col-md-4 adventure-left\">\n                  <h2>Eventyr<br>Detaljer<\/h2>\n                \n                  <a \n            href=\"https:\/\/stg-basecampexplorer.kwrk.in\/nb\/contact-us\/\" \n            target=\"_self\" \n            class=\"contact-btn\"\n          >\n            Kontakt oss          <\/a>\n              <\/div>\n\n      <!-- RIGHT \/ ACCORDION -->\n      <div class=\"col-md-8\">\n                  <div class=\"accordion\" id=\"adventureAccordion\">\n                                        <div class=\"accordion-item\">\n                <h2 class=\"accordion-header\">\n                  <button\n                    class=\"accordion-button collapsed\"\n                    type=\"button\"\n                    data-bs-toggle=\"collapse\"\n                    data-bs-target=\"#acc1\">\n                    Prisinformasjon og hva som er inkludert i ekspedisjonen din                  <\/button>\n                <\/h2>\n                <div id=\"acc1\" class=\"accordion-collapse collapse\" data-bs-parent=\"#adventureAccordion\">\n                  <div class=\"accordion-body\">\n                    <h5>Hva er inkludert?<\/h5>\n<p>5-6 timers guidet fottur, ekspedisjonslunsj og varm drikke<br \/>\nHenting p\u00e5 hotellet eller gjestehuset ditt i Longyearbyen<br \/>\nVarm drikke og lunsj<br \/>\nGuide med n\u00f8d- og sikkerhetsutstyr<\/p>\n<h5>GRUPPER<\/h5>\n<p>Vil du ha styrem\u00f8te, konferanse, incentivgruppe, privat guiding eller kick-off midt i det sanne Arktis? Kontakt oss for \u00e5 skreddersy ditt eventyr.<\/p>\n                  <\/div>\n                <\/div>\n              <\/div>\n                                        <div class=\"accordion-item\">\n                <h2 class=\"accordion-header\">\n                  <button\n                    class=\"accordion-button collapsed\"\n                    type=\"button\"\n                    data-bs-toggle=\"collapse\"\n                    data-bs-target=\"#acc2\">\n                    Kl\u00e6r, utstyr og hva du b\u00f8r pakke til Arktis                  <\/button>\n                <\/h2>\n                <div id=\"acc2\" class=\"accordion-collapse collapse\" data-bs-parent=\"#adventureAccordion\">\n                  <div class=\"accordion-body\">\n                    <p>Pakk sekken med ekstra lag med kl\u00e6r som du kan ta p\u00e5 deg hvis det blir kaldt. V\u00e6r forberedt p\u00e5 kuldegrader og vind. Ta med h\u00e5nd-\/fotvarmere, noe som gir deg energi underveis og en flaske med vann. Vi anbefaler Nalgene som t\u00e5ler varmt vann, fordi det fryser fort her i Arktis.<\/p>\n<p>Bruk ullundert\u00f8y som det nederste laget, varm ull- eller fleecebukse og genser p\u00e5 toppen. Ta p\u00e5 to lag med sokker (tynne og tykke ullsokker) og et vindtett lag utenp\u00e5 de varme lagene. Romslige kl\u00e6r anbefales siden luft er den beste isolasjonen. Bruk varme og vindtette votter, en varm lue (vindtett) og skjerf eller fleece- tube. P\u00e5 kalde dager er det fint \u00e5 ha en maske eller en buff der du kan skjule ansiktet i den kalde vinden.<\/p>\n<p>Du trenger ogs\u00e5 st\u00f8dige og varme tursko eller vinterst\u00f8vler.<\/p>\n                  <\/div>\n                <\/div>\n              <\/div>\n                                        <div class=\"accordion-item\">\n                <h2 class=\"accordion-header\">\n                  <button\n                    class=\"accordion-button collapsed\"\n                    type=\"button\"\n                    data-bs-toggle=\"collapse\"\n                    data-bs-target=\"#acc3\">\n                    Viktige merknader, krav og sikkerhetsinformasjon                  <\/button>\n                <\/h2>\n                <div id=\"acc3\" class=\"accordion-collapse collapse\" data-bs-parent=\"#adventureAccordion\">\n                  <div class=\"accordion-body\">\n                    <h5>MINIMUM DELTAKERE<\/h5>\n<p>Vi har et minimum p\u00e5 fire deltakere for dette eventyret. Hvis det er f\u00e6rre enn fire gjester, forbeholder vi oss retten til \u00e5 tilby et alternativt program.<\/p>\n<h5>Fysiske krav<\/h5>\n<p>Denne turen krever god fysisk form. Ruten f\u00f8lger ingen faste stier, og du b\u00f8r kunne bevege deg i variert terreng som bratte bakker, steinblokker, morene og sn\u00f8dekt og isete underlag p\u00e5 en trygg og selvstendig m\u00e5te.<\/p>\n<h5><strong>Spr\u00e5k<\/strong><\/h5>\n<p>Sikkerhet er v\u00e5r h\u00f8yeste prioritet p\u00e5 turene v\u00e5re. Det er n\u00f8dvendig at du kan kommunisere p\u00e5 engelsk eller et skandinavisk spr\u00e5k hvis du vil v\u00e6re med p\u00e5 utfluktene v\u00e5re. Turspr\u00e5ket (engelsk eller et skandinavisk spr\u00e5k) vil bli valgt basert p\u00e5 gruppens spr\u00e5kkunnskaper.<\/p>\n<h5>V\u00e6rforholdene p\u00e5 svalbard<\/h5>\n<p>P\u00e5 Svalbard kan v\u00e6rforholdene endre seg raskt. Det betyr at vi kan bli n\u00f8dt til \u00e5 gj\u00f8re endringer i det planlagte opplevelsesprogrammet. Vi vil alltid gj\u00f8re v\u00e5rt ytterste for \u00e5 gi deg en stor opplevelse i Arktis, samtidig som vi m\u00e5 v\u00e6re oppmerksomme p\u00e5 destinasjonens s\u00e6rtrekk.<\/p>\n                  <\/div>\n                <\/div>\n              <\/div>\n                      <\/div>\n              <\/div>\n\n    <\/div>\n  <\/div>\n<\/section>\n\n\n\n<section class=\"image-carousel-section black-theme\" style=\"background-color: #ffffff;\">\n\n  <!-- Heading + Controls -->\n  <div class=\"carousel-heading-row container\">\n    \n    <div class=\"carousel-head\">\n      <h1>Utenfor allfarvei<\/h1>\n    <\/div>\n\n    <div class=\"carousel-heading-controls\">\n      <div class=\"carousel-controller\">\n        <button class=\"carousel-prev\" aria-label=\"tidligere\">\n          <i class=\"bi bi-arrow-left-short\"><\/i>\n        <\/button>\n\n        <button class=\"carousel-next\" aria-label=\"neste\">\n          <i class=\"bi bi-arrow-right-short\"><\/i>\n        <\/button>\n      <\/div>\n    <\/div>\n\n  <\/div>\n\n\n  <!-- Swiper -->\n  <div class=\"image-carousel-swiper swiper\">\n    <div class=\"swiper-wrapper\">\n\n              \n                  \n          <div class=\"swiper-slide\">\n                          <div class=\"carousel-image-card\">\n                          \n                              <img decoding=\"async\" \n                  src=\"https:\/\/stg-basecampexplorer.kwrk.in\/wp-content\/uploads\/2026\/01\/arctci-silence-on-snowshoes_basecamp-explorer-by-terje-nergard-nilssen-1920x1080-2.jpg\" \n                  alt=\"Carousel Image\" \n                  loading=\"lazy\"\n                >\n                            \n                          \n                          <\/div>\n                      <\/div>\n\n                  \n          <div class=\"swiper-slide\">\n                          <div class=\"carousel-image-card\">\n                          \n                              <img decoding=\"async\" \n                  src=\"https:\/\/stg-basecampexplorer.kwrk.in\/wp-content\/uploads\/2026\/01\/ice_cave_adventure_spitsbergen_4-1920x1080-1.jpg\" \n                  alt=\"Carousel Image\" \n                  loading=\"lazy\"\n                >\n                            \n                          \n                          <\/div>\n                      <\/div>\n\n                  \n          <div class=\"swiper-slide\">\n                          <div class=\"carousel-image-card\">\n                          \n                              <img decoding=\"async\" \n                  src=\"https:\/\/stg-basecampexplorer.kwrk.in\/wp-content\/uploads\/2026\/01\/arcticsilenceonsnowshoes_torillbrandalberge-1920x1080-1.jpg\" \n                  alt=\"Carousel Image\" \n                  loading=\"lazy\"\n                >\n                            \n                          \n                          <\/div>\n                      <\/div>\n\n                  \n          <div class=\"swiper-slide\">\n                          <div class=\"carousel-image-card\">\n                          \n                              <img decoding=\"async\" \n                  src=\"https:\/\/stg-basecampexplorer.kwrk.in\/wp-content\/uploads\/2026\/01\/arcticsilenceonsnowshoes_expeditionlunch_torillbrandalberge-1920x1080-1.jpg\" \n                  alt=\"Carousel Image\" \n                  loading=\"lazy\"\n                >\n                            \n                          \n                          <\/div>\n                      <\/div>\n\n                  \n          <div class=\"swiper-slide\">\n                          <div class=\"carousel-image-card\">\n                          \n                              <img decoding=\"async\" \n                  src=\"https:\/\/stg-basecampexplorer.kwrk.in\/wp-content\/uploads\/2026\/01\/basecamp-spitsbergen-northern-lights-5-1920x1080-1.jpg\" \n                  alt=\"Carousel Image\" \n                  loading=\"lazy\"\n                >\n                            \n                          \n                          <\/div>\n                      <\/div>\n\n                  \n          <div class=\"swiper-slide\">\n                          <div class=\"carousel-image-card\">\n                          \n                              <img decoding=\"async\" \n                  src=\"https:\/\/stg-basecampexplorer.kwrk.in\/wp-content\/uploads\/2026\/01\/rype-polarnatt-morketid-torillbradanlberge-basecampexplorer-svalbard-1920x1080-1.jpg\" \n                  alt=\"Carousel Image\" \n                  loading=\"lazy\"\n                >\n                            \n                          \n                          <\/div>\n                      <\/div>\n\n        \n      \n    <\/div>\n\n    <!-- Scrollbar + Placeholder (matches your layout) -->\n    <div class=\"carousel-controls-row container\">\n      <div class=\"carousel-controls-placeholder\"><\/div>\n      <div class=\"swiper-scrollbar\"><\/div>\n    <\/div>\n\n  <\/div>\n\n<\/section>","protected":false},"excerpt":{"rendered":"","protected":false},"author":1,"featured_media":0,"parent":0,"menu_order":0,"comment_status":"closed","ping_status":"closed","template":"","meta":{"_acf_changed":false,"footnotes":""},"class_list":["post-1336","page","type-page","status-publish","hentry"],"acf":[],"_links":{"self":[{"href":"https:\/\/stg-basecampexplorer.kwrk.in\/nb\/wp-json\/wp\/v2\/pages\/1336","targetHints":{"allow":["GET"]}}],"collection":[{"href":"https:\/\/stg-basecampexplorer.kwrk.in\/nb\/wp-json\/wp\/v2\/pages"}],"about":[{"href":"https:\/\/stg-basecampexplorer.kwrk.in\/nb\/wp-json\/wp\/v2\/types\/page"}],"author":[{"embeddable":true,"href":"https:\/\/stg-basecampexplorer.kwrk.in\/nb\/wp-json\/wp\/v2\/users\/1"}],"replies":[{"embeddable":true,"href":"https:\/\/stg-basecampexplorer.kwrk.in\/nb\/wp-json\/wp\/v2\/comments?post=1336"}],"version-history":[{"count":2,"href":"https:\/\/stg-basecampexplorer.kwrk.in\/nb\/wp-json\/wp\/v2\/pages\/1336\/revisions"}],"predecessor-version":[{"id":1853,"href":"https:\/\/stg-basecampexplorer.kwrk.in\/nb\/wp-json\/wp\/v2\/pages\/1336\/revisions\/1853"}],"wp:attachment":[{"href":"https:\/\/stg-basecampexplorer.kwrk.in\/nb\/wp-json\/wp\/v2\/media?parent=1336"}],"curies":[{"name":"wp","href":"https:\/\/api.w.org\/{rel}","templated":true}]}}